{"id":20847,"date":"2024-04-03T15:20:45","date_gmt":"2024-04-03T13:20:45","guid":{"rendered":"https:\/\/confederaciopenyes.cat\/the-may-1925-cup-preamble-to-the-clubs-suspension\/"},"modified":"2024-06-13T16:06:25","modified_gmt":"2024-06-13T14:06:25","slug":"the-may-1925-cup-preamble-to-the-clubs-suspension","status":"publish","type":"page","link":"https:\/\/confederaciopenyes.cat\/en\/the-may-1925-cup-preamble-to-the-clubs-suspension\/","title":{"rendered":"The May 1925 Cup: preamble to the Club&#8217;s suspension"},"content":{"rendered":"\n<p>Eren temps dif\u00edcils. La <strong>dictadura de Primo de Rivera<\/strong> va resultar molt dura per les aspiracions d\u2019una Catalunya on el catalanisme ja havia ultrapassat les fronteres ling\u00fc\u00edstiques i culturals per endinsar-s\u2019hi en terrenys m\u00e9s pol\u00edtics i d\u2019autogovern. Tot aquest avan\u00e7 es veuria truncat amb el Cop d\u2019Estat i unes noves pol\u00edtiques que <strong>prohibien la llengua catalana, la senyera i qualsevol tipus de manifestaci\u00f3<\/strong>.<\/p>\n\n\n\n<p>El <strong>10 de maig de 1925, el Bar\u00e7a es proclama campi\u00f3 del Campionat d\u2019Espanya a Sevilla contra l\u2019Arenas de Getxo per 2-0<\/strong>. La rebuda als campions va <strong>desfermar la bogeria popular<\/strong>. Va ser una celebraci\u00f3 que, en temps de dictadura i de retallada manifesta de llibertats contra Catalunya, tothom va agafar com una excusa per poder fer manifestacions al carrer que d\u2019altra manera haurien estat prohibides. <strong>El Bar\u00e7a agafava el relleu del catalanisme reivindicatiu i la bandera blaugrana substitu\u00efa la senyera<\/strong>, per\u00f2 el sentiment era el mateix i les autoritats s\u2019ho miraven expectants a la recerca d\u2019algun motiu que argument\u00e9s una actuaci\u00f3 ferma sobre el Club.<\/p>\n\n\n<div class=\"wp-block-image is-style-default\">\n<figure class=\"aligncenter size-full\"><a href=\"https:\/\/confederaciopenyes.cat\/wp-content\/uploads\/2024\/04\/Fc_barcelona_equipo_1925.jpg\"><img decoding=\"async\" width=\"593\" height=\"312\" data-src=\"https:\/\/confederaciopenyes.cat\/wp-content\/uploads\/2024\/04\/Fc_barcelona_equipo_1925.jpg\" alt=\"\" class=\"wp-image-20840 lazyload\" data-srcset=\"https:\/\/confederaciopenyes.cat\/wp-content\/uploads\/2024\/04\/Fc_barcelona_equipo_1925.jpg 593w, https:\/\/confederaciopenyes.cat\/wp-content\/uploads\/2024\/04\/Fc_barcelona_equipo_1925-300x158.jpg 300w\" data-sizes=\"(max-width: 593px) 100vw, 593px\" src=\"data:image\/svg+xml;base64,PHN2ZyB3aWR0aD0iMSIgaGVpZ2h0PSIxIiB4bWxucz0iaHR0cDovL3d3dy53My5vcmcvMjAwMC9zdmciPjwvc3ZnPg==\" style=\"--smush-placeholder-width: 593px; --smush-placeholder-aspect-ratio: 593\/312;\" \/><\/a><\/figure>\n<\/div>\n\n\n<p><\/p>\n\n\n\n<h6 class=\"wp-block-heading\" id=\"h-les-rambles-un-punt-de-reunio\"><strong>Les Rambles, un punt de reuni\u00f3<\/strong><\/h6>\n\n\n\n<p>L\u2019an\u00e8cdota d\u2019aquell dia de la final es va viure a les Rambles, concretament a la <strong>porta del diari El Sol<\/strong>, on es publicaven els resultats dels partits. En aquella \u00e8poca no hi havia televisi\u00f3 i la molt incipient r\u00e0dio encara no informava de futbol i, per tant, <strong>l\u2019\u00fanica via per con\u00e8ixer les not\u00edcies era esperar al carrer que les redaccions dels diaris fossin informades i compartissin les novetats<\/strong>. Aix\u00f2 es feia a Canaletes, al costat del punt de trobada que significava el <strong><a href=\"https:\/\/confederaciopenyes.cat\/origen-concepte-penya-barca\/\">quiosc<\/a><\/strong>, com ja manava la nova tradici\u00f3, i fins all\u00ed anaven les penyes barcelonistes existents a la capital catalana.<\/p>\n\n\n\n<h6 class=\"wp-block-heading\" id=\"h-la-rivalitat-amb-l-espanyol-portada-a-la-politica\"><strong>La rivalitat amb l\u2019Espanyol, portada a la pol\u00edtica<\/strong><\/h6>\n\n\n\n<p>Mentre una generaci\u00f3 de socis, penyes i aficionats curiosos esperava not\u00edcies de la final, els del diari van tenir <strong>l\u2019ocurr\u00e8ncia d\u2019informar primer sobre el marcador d\u2019un partit amist\u00f3s disputat per l\u2019Espanyol<\/strong>. La <strong>reacci\u00f3 en forma de xiulada<\/strong> va resultar antol\u00f2gica. A continuaci\u00f3, els d\u2019El Sol reaccionaren tot <strong>difonent el triomf del Bar\u00e7a enmig de grans celebracions<\/strong>. Alguns dels presents, d\u2019inequ\u00edvoca ideologia ultradretana, s\u2019ho van prendre a la tremenda i optaren per denunciar-ho a les autoritats, tot confonent a prop\u00f2sit l\u2019escridassada a l\u2019Espanyol amb una suposada ofensa a Espanya. Per acabar-ho d\u2019arrodonir, en justa correspond\u00e8ncia, <strong>els denunciants asseguraven que els crits de joia pel resultat del Bar\u00e7a eren, simplement, cants inequ\u00edvocs de suport al separatisme<\/strong>.<\/p>\n\n\n\n<p>Aquestes situacions anaven creant un ambient de conflictes en pot\u00e8ncia permanents que <strong>posaven el punt de mira de les autoritats en cada situaci\u00f3, manifestaci\u00f3 o activitat que desenvolupava el FC Barcelona<\/strong>. A les tensions, es va sumar, per esmentar nom\u00e9s un altre exemple significatiu, el c\u00e8lebre <strong>\u00abderbi de la xavalla\u00bb de les Corts, el 23 de novembre de 1924<\/strong>, on membres de la <strong><a href=\"https:\/\/confederaciopenyes.cat\/penya-ardevol-primera-penya-radical\/\">Penya Ard\u00e8vol del FC Barcelona<\/a><\/strong> van tenir altercats amb membres de la Pe\u00f1a Ib\u00e8rica del RCD Espanyol, llan\u00e7ant al camp un munt de monedes que van fer suspendre el partit als 23 minuts de joc. El 15 de gener de 1925 el partit es va tornar a jugar des del comen\u00e7ament. Es forjaven aix\u00ed els <strong>pre\u00e0mbuls del cas m\u00e9s sonat<\/strong>, el que ha passat a la hist\u00f2ria negra del club: la <strong>suspensi\u00f3 de tota activitat del Futbol Club Barcelona durant 6 mesos<\/strong>.<\/p>\n\n\n\n<pre class=\"wp-block-preformatted\"><span style=\"text-decoration: underline;\">Cap\u00edtols anteriors<\/span>:<br><br>1. <a href=\"https:\/\/confederaciopenyes.cat\/origen-concepte-penya-barca\/\">L'origen del concepte \"penya del Bar\u00e7a\"<\/a><br>2. <a href=\"https:\/\/confederaciopenyes.cat\/quarts-equips-nova-germanor-apatics\/\" target=\"_blank\" rel=\"noreferrer noopener\">Els quarts equips. Nova Germanor i Els Ap\u00e0tics<\/a><br>3. <a href=\"https:\/\/confederaciopenyes.cat\/penya-ardevol-primera-penya-radical\/\">Penya Ard\u00e8vol: la primera penya radical<\/a><br>4. <a href=\"https:\/\/confederaciopenyes.cat\/que-va-passar-amb-penya-esportiva-esquerra\/\">Qu\u00e8 va passar amb la Penya Esportiva Esquerra?<\/a><\/pre>\n","protected":false},"excerpt":{"rendered":"<p>Eren temps dif\u00edcils. La dictadura de Primo de Rivera va resultar molt dura per les aspiracions d\u2019una Catalunya on el catalanisme ja havia ultrapassat les fronteres ling\u00fc\u00edstiques i culturals per endinsar-s\u2019hi en terrenys m\u00e9s pol\u00edtics i d\u2019autogovern. Tot aquest avan\u00e7 es veuria truncat amb el Cop d\u2019Estat i unes noves pol\u00edtiques que prohibien la llengua &#8230; <a title=\"The May 1925 Cup: preamble to the Club&#8217;s suspension\" class=\"read-more\" href=\"https:\/\/confederaciopenyes.cat\/en\/the-may-1925-cup-preamble-to-the-clubs-suspension\/\" aria-label=\"Read more about The May 1925 Cup: preamble to the Club&#8217;s suspension\">Read more<\/a><\/p>\n","protected":false},"author":4,"featured_media":0,"parent":0,"menu_order":0,"comment_status":"closed","ping_status":"closed","template":"","meta":{"_acf_changed":false,"footnotes":""},"class_list":["post-20847","page","type-page","status-publish"],"acf":[],"yoast_head":"<!-- This site is optimized with the Yoast SEO Premium plugin v26.7 (Yoast SEO v27.3) - https:\/\/yoast.com\/product\/yoast-seo-premium-wordpress\/ -->\n<title>The May 1925 Cup: preamble to the Club&#039;s suspension - CMP<\/title>\n<meta name=\"description\" content=\"The May 1925 Cup, added to the tensions already present with the authorities, was the prelude to the suspension of FC Barcelona.\" \/>\n<meta name=\"robots\" content=\"index, follow, max-snippet:-1, max-image-preview:large, max-video-preview:-1\" \/>\n<link rel=\"canonical\" href=\"https:\/\/confederaciopenyes.cat\/en\/the-may-1925-cup-preamble-to-the-clubs-suspension\/\" \/>\n<meta property=\"og:locale\" content=\"en_US\" \/>\n<meta property=\"og:type\" content=\"article\" \/>\n<meta property=\"og:title\" content=\"The May 1925 Cup: preamble to the Club&#039;s suspension\" \/>\n<meta property=\"og:description\" content=\"The May 1925 Cup, added to the tensions already present with the authorities, was the prelude to the suspension of FC Barcelona.\" \/>\n<meta property=\"og:url\" content=\"https:\/\/confederaciopenyes.cat\/en\/the-may-1925-cup-preamble-to-the-clubs-suspension\/\" \/>\n<meta property=\"og:site_name\" content=\"Confederaci\u00f3 Mundial de Penyes del FC Barcelona\" \/>\n<meta property=\"article:publisher\" content=\"https:\/\/www.facebook.com\/ConfederacioMundialPenyesFCB\" \/>\n<meta property=\"article:modified_time\" content=\"2024-06-13T14:06:25+00:00\" \/>\n<meta property=\"og:image\" content=\"https:\/\/confederaciopenyes.cat\/wp-content\/uploads\/2024\/04\/Fc_barcelona_equipo_1925.jpg\" \/>\n<meta name=\"twitter:card\" content=\"summary_large_image\" \/>\n<meta name=\"twitter:site\" content=\"@ConfePenyesFCB\" \/>\n<meta name=\"twitter:label1\" content=\"Est. reading time\" \/>\n\t<meta name=\"twitter:data1\" content=\"3 minutes\" \/>\n<script type=\"application\/ld+json\" class=\"yoast-schema-graph\">{\"@context\":\"https:\\\/\\\/schema.org\",\"@graph\":[{\"@type\":\"WebPage\",\"@id\":\"https:\\\/\\\/confederaciopenyes.cat\\\/en\\\/the-may-1925-cup-preamble-to-the-clubs-suspension\\\/\",\"url\":\"https:\\\/\\\/confederaciopenyes.cat\\\/en\\\/the-may-1925-cup-preamble-to-the-clubs-suspension\\\/\",\"name\":\"The May 1925 Cup: preamble to the Club's suspension - CMP\",\"isPartOf\":{\"@id\":\"https:\\\/\\\/confederaciopenyes.cat\\\/en\\\/#website\"},\"primaryImageOfPage\":{\"@id\":\"https:\\\/\\\/confederaciopenyes.cat\\\/en\\\/the-may-1925-cup-preamble-to-the-clubs-suspension\\\/#primaryimage\"},\"image\":{\"@id\":\"https:\\\/\\\/confederaciopenyes.cat\\\/en\\\/the-may-1925-cup-preamble-to-the-clubs-suspension\\\/#primaryimage\"},\"thumbnailUrl\":\"https:\\\/\\\/confederaciopenyes.cat\\\/wp-content\\\/uploads\\\/2024\\\/04\\\/Fc_barcelona_equipo_1925.jpg\",\"datePublished\":\"2024-04-03T13:20:45+00:00\",\"dateModified\":\"2024-06-13T14:06:25+00:00\",\"description\":\"The May 1925 Cup, added to the tensions already present with the authorities, was the prelude to the suspension of FC Barcelona.\",\"breadcrumb\":{\"@id\":\"https:\\\/\\\/confederaciopenyes.cat\\\/en\\\/the-may-1925-cup-preamble-to-the-clubs-suspension\\\/#breadcrumb\"},\"inLanguage\":\"en-US\",\"potentialAction\":[{\"@type\":\"ReadAction\",\"target\":[\"https:\\\/\\\/confederaciopenyes.cat\\\/en\\\/the-may-1925-cup-preamble-to-the-clubs-suspension\\\/\"]}]},{\"@type\":\"ImageObject\",\"inLanguage\":\"en-US\",\"@id\":\"https:\\\/\\\/confederaciopenyes.cat\\\/en\\\/the-may-1925-cup-preamble-to-the-clubs-suspension\\\/#primaryimage\",\"url\":\"https:\\\/\\\/confederaciopenyes.cat\\\/wp-content\\\/uploads\\\/2024\\\/04\\\/Fc_barcelona_equipo_1925.jpg\",\"contentUrl\":\"https:\\\/\\\/confederaciopenyes.cat\\\/wp-content\\\/uploads\\\/2024\\\/04\\\/Fc_barcelona_equipo_1925.jpg\"},{\"@type\":\"BreadcrumbList\",\"@id\":\"https:\\\/\\\/confederaciopenyes.cat\\\/en\\\/the-may-1925-cup-preamble-to-the-clubs-suspension\\\/#breadcrumb\",\"itemListElement\":[{\"@type\":\"ListItem\",\"position\":1,\"name\":\"Portada\",\"item\":\"https:\\\/\\\/confederaciopenyes.cat\\\/en\\\/\"},{\"@type\":\"ListItem\",\"position\":2,\"name\":\"The May 1925 Cup: preamble to the Club&#8217;s suspension\"}]},{\"@type\":\"WebSite\",\"@id\":\"https:\\\/\\\/confederaciopenyes.cat\\\/en\\\/#website\",\"url\":\"https:\\\/\\\/confederaciopenyes.cat\\\/en\\\/\",\"name\":\"Confederaci\u00f3 Mundial de Penyes del FC Barcelona\",\"description\":\"C.M. Penyes FC Barcelona\",\"publisher\":{\"@id\":\"https:\\\/\\\/confederaciopenyes.cat\\\/en\\\/#organization\"},\"alternateName\":\"CMP\",\"potentialAction\":[{\"@type\":\"SearchAction\",\"target\":{\"@type\":\"EntryPoint\",\"urlTemplate\":\"https:\\\/\\\/confederaciopenyes.cat\\\/en\\\/?s={search_term_string}\"},\"query-input\":{\"@type\":\"PropertyValueSpecification\",\"valueRequired\":true,\"valueName\":\"search_term_string\"}}],\"inLanguage\":\"en-US\"},{\"@type\":\"Organization\",\"@id\":\"https:\\\/\\\/confederaciopenyes.cat\\\/en\\\/#organization\",\"name\":\"Confederaci\u00f3 Mundial de Penyes del FC Barcelona\",\"alternateName\":\"C.M. Penyes FC Barcelona\",\"url\":\"https:\\\/\\\/confederaciopenyes.cat\\\/en\\\/\",\"logo\":{\"@type\":\"ImageObject\",\"inLanguage\":\"en-US\",\"@id\":\"https:\\\/\\\/confederaciopenyes.cat\\\/en\\\/#\\\/schema\\\/logo\\\/image\\\/\",\"url\":\"https:\\\/\\\/confederaciopenyes.cat\\\/wp-content\\\/uploads\\\/2023\\\/11\\\/Confederacio-Logo-scaled.jpg\",\"contentUrl\":\"https:\\\/\\\/confederaciopenyes.cat\\\/wp-content\\\/uploads\\\/2023\\\/11\\\/Confederacio-Logo-scaled.jpg\",\"width\":2560,\"height\":673,\"caption\":\"Confederaci\u00f3 Mundial de Penyes del FC Barcelona\"},\"image\":{\"@id\":\"https:\\\/\\\/confederaciopenyes.cat\\\/en\\\/#\\\/schema\\\/logo\\\/image\\\/\"},\"sameAs\":[\"https:\\\/\\\/www.facebook.com\\\/ConfederacioMundialPenyesFCB\",\"https:\\\/\\\/x.com\\\/ConfePenyesFCB\",\"https:\\\/\\\/www.instagram.com\\\/confepenyesfcb\\\/\"],\"publishingPrinciples\":\"https:\\\/\\\/confederaciopenyes.cat\\\/en\\\/mission-vision-and-values\\\/\",\"ownershipFundingInfo\":\"https:\\\/\\\/confederaciopenyes.cat\\\/en\\\/organization\\\/\",\"actionableFeedbackPolicy\":\"https:\\\/\\\/confederaciopenyes.cat\\\/en\\\/legal-notice\\\/\"}]}<\/script>\n<!-- \/ Yoast SEO Premium plugin. -->","yoast_head_json":{"title":"The May 1925 Cup: preamble to the Club's suspension - CMP","description":"The May 1925 Cup, added to the tensions already present with the authorities, was the prelude to the suspension of FC Barcelona.","robots":{"index":"index","follow":"follow","max-snippet":"max-snippet:-1","max-image-preview":"max-image-preview:large","max-video-preview":"max-video-preview:-1"},"canonical":"https:\/\/confederaciopenyes.cat\/en\/the-may-1925-cup-preamble-to-the-clubs-suspension\/","og_locale":"en_US","og_type":"article","og_title":"The May 1925 Cup: preamble to the Club's suspension","og_description":"The May 1925 Cup, added to the tensions already present with the authorities, was the prelude to the suspension of FC Barcelona.","og_url":"https:\/\/confederaciopenyes.cat\/en\/the-may-1925-cup-preamble-to-the-clubs-suspension\/","og_site_name":"Confederaci\u00f3 Mundial de Penyes del FC Barcelona","article_publisher":"https:\/\/www.facebook.com\/ConfederacioMundialPenyesFCB","article_modified_time":"2024-06-13T14:06:25+00:00","og_image":[{"url":"https:\/\/confederaciopenyes.cat\/wp-content\/uploads\/2024\/04\/Fc_barcelona_equipo_1925.jpg","type":"","width":"","height":""}],"twitter_card":"summary_large_image","twitter_site":"@ConfePenyesFCB","twitter_misc":{"Est. reading time":"3 minutes"},"schema":{"@context":"https:\/\/schema.org","@graph":[{"@type":"WebPage","@id":"https:\/\/confederaciopenyes.cat\/en\/the-may-1925-cup-preamble-to-the-clubs-suspension\/","url":"https:\/\/confederaciopenyes.cat\/en\/the-may-1925-cup-preamble-to-the-clubs-suspension\/","name":"The May 1925 Cup: preamble to the Club's suspension - CMP","isPartOf":{"@id":"https:\/\/confederaciopenyes.cat\/en\/#website"},"primaryImageOfPage":{"@id":"https:\/\/confederaciopenyes.cat\/en\/the-may-1925-cup-preamble-to-the-clubs-suspension\/#primaryimage"},"image":{"@id":"https:\/\/confederaciopenyes.cat\/en\/the-may-1925-cup-preamble-to-the-clubs-suspension\/#primaryimage"},"thumbnailUrl":"https:\/\/confederaciopenyes.cat\/wp-content\/uploads\/2024\/04\/Fc_barcelona_equipo_1925.jpg","datePublished":"2024-04-03T13:20:45+00:00","dateModified":"2024-06-13T14:06:25+00:00","description":"The May 1925 Cup, added to the tensions already present with the authorities, was the prelude to the suspension of FC Barcelona.","breadcrumb":{"@id":"https:\/\/confederaciopenyes.cat\/en\/the-may-1925-cup-preamble-to-the-clubs-suspension\/#breadcrumb"},"inLanguage":"en-US","potentialAction":[{"@type":"ReadAction","target":["https:\/\/confederaciopenyes.cat\/en\/the-may-1925-cup-preamble-to-the-clubs-suspension\/"]}]},{"@type":"ImageObject","inLanguage":"en-US","@id":"https:\/\/confederaciopenyes.cat\/en\/the-may-1925-cup-preamble-to-the-clubs-suspension\/#primaryimage","url":"https:\/\/confederaciopenyes.cat\/wp-content\/uploads\/2024\/04\/Fc_barcelona_equipo_1925.jpg","contentUrl":"https:\/\/confederaciopenyes.cat\/wp-content\/uploads\/2024\/04\/Fc_barcelona_equipo_1925.jpg"},{"@type":"BreadcrumbList","@id":"https:\/\/confederaciopenyes.cat\/en\/the-may-1925-cup-preamble-to-the-clubs-suspension\/#breadcrumb","itemListElement":[{"@type":"ListItem","position":1,"name":"Portada","item":"https:\/\/confederaciopenyes.cat\/en\/"},{"@type":"ListItem","position":2,"name":"The May 1925 Cup: preamble to the Club&#8217;s suspension"}]},{"@type":"WebSite","@id":"https:\/\/confederaciopenyes.cat\/en\/#website","url":"https:\/\/confederaciopenyes.cat\/en\/","name":"Confederaci\u00f3 Mundial de Penyes del FC Barcelona","description":"C.M. Penyes FC Barcelona","publisher":{"@id":"https:\/\/confederaciopenyes.cat\/en\/#organization"},"alternateName":"CMP","potentialAction":[{"@type":"SearchAction","target":{"@type":"EntryPoint","urlTemplate":"https:\/\/confederaciopenyes.cat\/en\/?s={search_term_string}"},"query-input":{"@type":"PropertyValueSpecification","valueRequired":true,"valueName":"search_term_string"}}],"inLanguage":"en-US"},{"@type":"Organization","@id":"https:\/\/confederaciopenyes.cat\/en\/#organization","name":"Confederaci\u00f3 Mundial de Penyes del FC Barcelona","alternateName":"C.M. Penyes FC Barcelona","url":"https:\/\/confederaciopenyes.cat\/en\/","logo":{"@type":"ImageObject","inLanguage":"en-US","@id":"https:\/\/confederaciopenyes.cat\/en\/#\/schema\/logo\/image\/","url":"https:\/\/confederaciopenyes.cat\/wp-content\/uploads\/2023\/11\/Confederacio-Logo-scaled.jpg","contentUrl":"https:\/\/confederaciopenyes.cat\/wp-content\/uploads\/2023\/11\/Confederacio-Logo-scaled.jpg","width":2560,"height":673,"caption":"Confederaci\u00f3 Mundial de Penyes del FC Barcelona"},"image":{"@id":"https:\/\/confederaciopenyes.cat\/en\/#\/schema\/logo\/image\/"},"sameAs":["https:\/\/www.facebook.com\/ConfederacioMundialPenyesFCB","https:\/\/x.com\/ConfePenyesFCB","https:\/\/www.instagram.com\/confepenyesfcb\/"],"publishingPrinciples":"https:\/\/confederaciopenyes.cat\/en\/mission-vision-and-values\/","ownershipFundingInfo":"https:\/\/confederaciopenyes.cat\/en\/organization\/","actionableFeedbackPolicy":"https:\/\/confederaciopenyes.cat\/en\/legal-notice\/"}]}},"_links":{"self":[{"href":"https:\/\/confederaciopenyes.cat\/en\/wp-json\/wp\/v2\/pages\/20847","targetHints":{"allow":["GET"]}}],"collection":[{"href":"https:\/\/confederaciopenyes.cat\/en\/wp-json\/wp\/v2\/pages"}],"about":[{"href":"https:\/\/confederaciopenyes.cat\/en\/wp-json\/wp\/v2\/types\/page"}],"author":[{"embeddable":true,"href":"https:\/\/confederaciopenyes.cat\/en\/wp-json\/wp\/v2\/users\/4"}],"replies":[{"embeddable":true,"href":"https:\/\/confederaciopenyes.cat\/en\/wp-json\/wp\/v2\/comments?post=20847"}],"version-history":[{"count":3,"href":"https:\/\/confederaciopenyes.cat\/en\/wp-json\/wp\/v2\/pages\/20847\/revisions"}],"predecessor-version":[{"id":23498,"href":"https:\/\/confederaciopenyes.cat\/en\/wp-json\/wp\/v2\/pages\/20847\/revisions\/23498"}],"wp:attachment":[{"href":"https:\/\/confederaciopenyes.cat\/en\/wp-json\/wp\/v2\/media?parent=20847"}],"curies":[{"name":"wp","href":"https:\/\/api.w.org\/{rel}","templated":true}]}}