{"id":10420,"date":"2024-02-08T11:28:17","date_gmt":"2024-02-08T10:28:17","guid":{"rendered":"https:\/\/confederaciopenyes.cat\/?page_id=10420"},"modified":"2024-05-15T16:34:16","modified_gmt":"2024-05-15T14:34:16","slug":"origen-concepto-pena-barca","status":"publish","type":"page","link":"https:\/\/confederaciopenyes.cat\/es\/origen-concepto-pena-barca\/","title":{"rendered":"El origen del concepto \u201cPe\u00f1a del Bar\u00e7a\u201d"},"content":{"rendered":"\n<p>El a\u00f1o 2019, la Confederaci\u00f3 Mundial de Penyes del FC Barcelona celebraba el Centenario de la primera pe\u00f1a oficial del FC Barcelona. Eran los 100 a\u00f1os de una oficialidad, pero <strong>\u00bfde d\u00f3nde viene de forma no oficial esta necesidad de asociacionismo entre los socios del FC Barcelona?<\/strong> \u00bfD\u00f3nde est\u00e1 el <em>big bang<\/em>, la chispa de salida, el lugar donde los barcelonistas deciden encontrarse para hablar de f\u00fatbol?<\/p>\n\n\n\n<p>Todo apunta a que este lugar era el <strong>quiosco de Canaletes, alrededor de 1909<\/strong>. All\u00ed, empez\u00f3 un viaje apasionante y que ha progresado a trav\u00e9s del tiempo hasta llegar a nuestros d\u00edas, en los que nuestro movimiento es un fen\u00f3meno mundial digno de admiraci\u00f3n por todos los clubes del mundo.<\/p>\n\n\n<div class=\"wp-block-image is-style-default\">\n<figure class=\"aligncenter size-full\"><a href=\"https:\/\/confederaciopenyes.cat\/wp-content\/uploads\/2024\/02\/Quiosc-de-Canaletes-vista-interior-1.jpg\"><img decoding=\"async\" width=\"637\" height=\"443\" data-src=\"https:\/\/confederaciopenyes.cat\/wp-content\/uploads\/2024\/02\/Quiosc-de-Canaletes-vista-interior-1.jpg\" alt=\"\" class=\"wp-image-10422 lazyload\" data-srcset=\"https:\/\/confederaciopenyes.cat\/wp-content\/uploads\/2024\/02\/Quiosc-de-Canaletes-vista-interior-1.jpg 637w, https:\/\/confederaciopenyes.cat\/wp-content\/uploads\/2024\/02\/Quiosc-de-Canaletes-vista-interior-1-300x209.jpg 300w\" data-sizes=\"(max-width: 637px) 100vw, 637px\" src=\"data:image\/svg+xml;base64,PHN2ZyB3aWR0aD0iMSIgaGVpZ2h0PSIxIiB4bWxucz0iaHR0cDovL3d3dy53My5vcmcvMjAwMC9zdmciPjwvc3ZnPg==\" style=\"--smush-placeholder-width: 637px; --smush-placeholder-aspect-ratio: 637\/443;\" \/><\/a><figcaption class=\"wp-element-caption\"><em>Fuente: Centre de Documentaci\u00f3 del&nbsp;FCB<\/em><\/figcaption><\/figure>\n<\/div>\n\n\n<p><\/p>\n\n\n\n<h6 class=\"wp-block-heading\" id=\"h-el-emprendimiento-de-esteve-sala\"><strong>El emprendimiento de Esteve Sala<\/strong><\/h6>\n\n\n\n<p>El quiosco de Canaletes, en lo alto de la Rambla, representa uno de los primeros s\u00edmbolos de la historia de nuestro Club. <strong>Originalmente, el Ayuntamiento ten\u00eda una barraca de madera dedicada a la venta de bebidas<\/strong>, junto a la famosa fuente de Canaletes, pero lleg\u00f3 el joven empresario <strong>Esteve Sala<\/strong>, que la alquil\u00f3, la derrib\u00f3 y <strong>construy\u00f3 un quiosco modernista de bebidas refrescantes<\/strong>. Sala era un negociante de la hosteler\u00eda, propietario del Hotel Oriente y barcelonista de primera hora, que acabar\u00eda siendo presidente del Club en 1934\/35.<\/p>\n\n\n\n<p>Con el paso del tiempo, <strong>la novedad del quiosco fue cuajando entre los seguidores del f\u00fatbol<\/strong> en general, que a partir del a\u00f1o 1909 <strong>sab\u00edan por v\u00eda telef\u00f3nica los resultados de los partidos<\/strong> en el campo de la calle Industria justo cuando acababan. Adem\u00e1s, el quiosco serv\u00eda de <strong>punto de acogida de los aficionados que quer\u00edan charlar sobre aquello que hab\u00edan vivido en el campo<\/strong>. Lo podr\u00edamos considerar la primera tertulia futbol\u00edstica.<\/p>\n\n\n\n<p>El quiosco se fue popularizando y <strong>se consolid\u00f3 como lugar de encuentro del barcelonismo \u201cmilitante\u201d hasta el 1951<\/strong>, cuando fue derribado por las autoridades franquistas. La excusa fue una nueva urbanizaci\u00f3n de la Rambla, pero otras versiones explican que se tem\u00eda que aquel fuera el escenario de otro tipo de tertulias ocultas tras el fondo futbol\u00edstico. Desaparecido el quiosco, <strong>la tradici\u00f3n continu\u00f3 en la fuente de Canaletas<\/strong>, situada justo al lado. Hoy en d\u00eda, todav\u00eda se celebran all\u00ed los \u00e9xitos cul\u00e9s.<\/p>\n\n\n\n<h6 class=\"wp-block-heading\" id=\"h-la-semilla-de-las-penas\"><strong>La semilla de las pe\u00f1as<\/strong><\/h6>\n\n\n\n<p>As\u00ed pues, si hacemos caso a la definici\u00f3n <em>\u201cuna pe\u00f1a es un conjunto de personas que se re\u00fanen con una fuerte convicci\u00f3n hacia un mismo inter\u00e9s deportivo o cultural que las une de forma firme\u201d<\/em>, ciertamente <strong>aquel fue el lugar donde todo naci\u00f3<\/strong>. All\u00ed se produjo la transformaci\u00f3n generalizada de un deporte que se practicaba en un espect\u00e1culo que se disfrutaba. Y, claro est\u00e1, como buen espect\u00e1culo, <strong>su final daba paso a comentarios, debates y opiniones sobre si lo visto era satisfactorio o criticable<\/strong>; y tampoco se libraba la actuaci\u00f3n individual de los actores que hab\u00edan intervenido.<\/p>\n\n\n\n<p>El lugar para hacer todos estos comentarios no era otro que <strong>aquel bello quiosco situado junto a la emblem\u00e1tica fuente barcelonesa<\/strong>.<\/p>\n\n\n\n<p><\/p>\n","protected":false},"excerpt":{"rendered":"<p>El a\u00f1o 2019, la Confederaci\u00f3 Mundial de Penyes del FC Barcelona celebraba el Centenario de la primera pe\u00f1a oficial del FC Barcelona. Eran los 100 a\u00f1os de una oficialidad, pero \u00bfde d\u00f3nde viene de forma no oficial esta necesidad de asociacionismo entre los socios del FC Barcelona? \u00bfD\u00f3nde est\u00e1 el big bang, la chispa de &#8230; <a title=\"El origen del concepto \u201cPe\u00f1a del Bar\u00e7a\u201d\" class=\"read-more\" href=\"https:\/\/confederaciopenyes.cat\/es\/origen-concepto-pena-barca\/\" aria-label=\"Leer m\u00e1s sobre El origen del concepto \u201cPe\u00f1a del Bar\u00e7a\u201d\">Leer m\u00e1s<\/a><\/p>\n","protected":false},"author":4,"featured_media":19361,"parent":0,"menu_order":0,"comment_status":"closed","ping_status":"closed","template":"","meta":{"_acf_changed":false,"footnotes":""},"class_list":["post-10420","page","type-page","status-publish","has-post-thumbnail"],"acf":[],"yoast_head":"<!-- This site is optimized with the Yoast SEO Premium plugin v26.7 (Yoast SEO v27.4) - https:\/\/yoast.com\/product\/yoast-seo-premium-wordpress\/ -->\n<title>El origen del concepto \u201cPe\u00f1a del Bar\u00e7a\u201d - Conf. Mundial Penyes<\/title>\n<meta name=\"description\" content=\"El quiosco modernista de Canaletes fue el sitio donde, en el a\u00f1o 1909, tuvo su origen el concepto &quot;Pe\u00f1a del Bar\u00e7a&quot;.\" \/>\n<meta name=\"robots\" content=\"index, follow, max-snippet:-1, max-image-preview:large, max-video-preview:-1\" \/>\n<link rel=\"canonical\" href=\"https:\/\/confederaciopenyes.cat\/es\/origen-concepto-pena-barca\/\" \/>\n<meta property=\"og:locale\" content=\"es_ES\" \/>\n<meta property=\"og:type\" content=\"article\" \/>\n<meta property=\"og:title\" content=\"El origen del concepto \u201cPe\u00f1a del Bar\u00e7a\u201d\" \/>\n<meta property=\"og:description\" content=\"El quiosco modernista de Canaletes fue el sitio donde, en el a\u00f1o 1909, tuvo su origen el concepto &quot;Pe\u00f1a del Bar\u00e7a&quot;.\" \/>\n<meta property=\"og:url\" content=\"https:\/\/confederaciopenyes.cat\/es\/origen-concepto-pena-barca\/\" \/>\n<meta property=\"og:site_name\" content=\"Confederaci\u00f3 Mundial de Penyes del FC Barcelona\" \/>\n<meta property=\"article:publisher\" content=\"https:\/\/www.facebook.com\/ConfederacioMundialPenyesFCB\" \/>\n<meta property=\"article:modified_time\" content=\"2024-05-15T14:34:16+00:00\" \/>\n<meta property=\"og:image\" content=\"https:\/\/confederaciopenyes.cat\/wp-content\/uploads\/2024\/02\/Quiosc-de-Canaletes-vista-interior.jpg\" \/>\n\t<meta property=\"og:image:width\" content=\"637\" \/>\n\t<meta property=\"og:image:height\" content=\"443\" \/>\n\t<meta property=\"og:image:type\" content=\"image\/jpeg\" \/>\n<meta name=\"twitter:card\" content=\"summary_large_image\" \/>\n<meta name=\"twitter:site\" content=\"@ConfePenyesFCB\" \/>\n<meta name=\"twitter:label1\" content=\"Tiempo de lectura\" \/>\n\t<meta name=\"twitter:data1\" content=\"3 minutos\" \/>\n<script type=\"application\/ld+json\" class=\"yoast-schema-graph\">{\"@context\":\"https:\\\/\\\/schema.org\",\"@graph\":[{\"@type\":\"WebPage\",\"@id\":\"https:\\\/\\\/confederaciopenyes.cat\\\/es\\\/origen-concepto-pena-barca\\\/\",\"url\":\"https:\\\/\\\/confederaciopenyes.cat\\\/es\\\/origen-concepto-pena-barca\\\/\",\"name\":\"El origen del concepto \u201cPe\u00f1a del Bar\u00e7a\u201d - Conf. Mundial Penyes\",\"isPartOf\":{\"@id\":\"https:\\\/\\\/confederaciopenyes.cat\\\/es\\\/#website\"},\"primaryImageOfPage\":{\"@id\":\"https:\\\/\\\/confederaciopenyes.cat\\\/es\\\/origen-concepto-pena-barca\\\/#primaryimage\"},\"image\":{\"@id\":\"https:\\\/\\\/confederaciopenyes.cat\\\/es\\\/origen-concepto-pena-barca\\\/#primaryimage\"},\"thumbnailUrl\":\"https:\\\/\\\/confederaciopenyes.cat\\\/wp-content\\\/uploads\\\/2024\\\/02\\\/Quiosc-de-Canaletes-vista-interior.jpg\",\"datePublished\":\"2024-02-08T10:28:17+00:00\",\"dateModified\":\"2024-05-15T14:34:16+00:00\",\"description\":\"El quiosco modernista de Canaletes fue el sitio donde, en el a\u00f1o 1909, tuvo su origen el concepto \\\"Pe\u00f1a del Bar\u00e7a\\\".\",\"breadcrumb\":{\"@id\":\"https:\\\/\\\/confederaciopenyes.cat\\\/es\\\/origen-concepto-pena-barca\\\/#breadcrumb\"},\"inLanguage\":\"es\",\"potentialAction\":[{\"@type\":\"ReadAction\",\"target\":[\"https:\\\/\\\/confederaciopenyes.cat\\\/es\\\/origen-concepto-pena-barca\\\/\"]}]},{\"@type\":\"ImageObject\",\"inLanguage\":\"es\",\"@id\":\"https:\\\/\\\/confederaciopenyes.cat\\\/es\\\/origen-concepto-pena-barca\\\/#primaryimage\",\"url\":\"https:\\\/\\\/confederaciopenyes.cat\\\/wp-content\\\/uploads\\\/2024\\\/02\\\/Quiosc-de-Canaletes-vista-interior.jpg\",\"contentUrl\":\"https:\\\/\\\/confederaciopenyes.cat\\\/wp-content\\\/uploads\\\/2024\\\/02\\\/Quiosc-de-Canaletes-vista-interior.jpg\",\"width\":637,\"height\":443,\"caption\":\"Centre de Documentaci\u00f3 del\u00a0FCB\"},{\"@type\":\"BreadcrumbList\",\"@id\":\"https:\\\/\\\/confederaciopenyes.cat\\\/es\\\/origen-concepto-pena-barca\\\/#breadcrumb\",\"itemListElement\":[{\"@type\":\"ListItem\",\"position\":1,\"name\":\"Portada\",\"item\":\"https:\\\/\\\/confederaciopenyes.cat\\\/es\\\/\"},{\"@type\":\"ListItem\",\"position\":2,\"name\":\"El origen del concepto \u201cPe\u00f1a del Bar\u00e7a\u201d\"}]},{\"@type\":\"WebSite\",\"@id\":\"https:\\\/\\\/confederaciopenyes.cat\\\/es\\\/#website\",\"url\":\"https:\\\/\\\/confederaciopenyes.cat\\\/es\\\/\",\"name\":\"Confederaci\u00f3 Mundial de Penyes del FC Barcelona\",\"description\":\"C.M. Penyes FC Barcelona\",\"publisher\":{\"@id\":\"https:\\\/\\\/confederaciopenyes.cat\\\/es\\\/#organization\"},\"potentialAction\":[{\"@type\":\"SearchAction\",\"target\":{\"@type\":\"EntryPoint\",\"urlTemplate\":\"https:\\\/\\\/confederaciopenyes.cat\\\/es\\\/?s={search_term_string}\"},\"query-input\":{\"@type\":\"PropertyValueSpecification\",\"valueRequired\":true,\"valueName\":\"search_term_string\"}}],\"inLanguage\":\"es\"},{\"@type\":\"Organization\",\"@id\":\"https:\\\/\\\/confederaciopenyes.cat\\\/es\\\/#organization\",\"name\":\"Confederaci\u00f3 Mundial de Penyes del FC Barcelona\",\"url\":\"https:\\\/\\\/confederaciopenyes.cat\\\/es\\\/\",\"logo\":{\"@type\":\"ImageObject\",\"inLanguage\":\"es\",\"@id\":\"https:\\\/\\\/confederaciopenyes.cat\\\/es\\\/#\\\/schema\\\/logo\\\/image\\\/\",\"url\":\"https:\\\/\\\/confederaciopenyes.cat\\\/wp-content\\\/uploads\\\/2022\\\/07\\\/cropped-logo_horizontal.png\",\"contentUrl\":\"https:\\\/\\\/confederaciopenyes.cat\\\/wp-content\\\/uploads\\\/2022\\\/07\\\/cropped-logo_horizontal.png\",\"width\":1320,\"height\":309,\"caption\":\"Confederaci\u00f3 Mundial de Penyes del FC Barcelona\"},\"image\":{\"@id\":\"https:\\\/\\\/confederaciopenyes.cat\\\/es\\\/#\\\/schema\\\/logo\\\/image\\\/\"},\"sameAs\":[\"https:\\\/\\\/www.facebook.com\\\/ConfederacioMundialPenyesFCB\",\"https:\\\/\\\/x.com\\\/ConfePenyesFCB\",\"https:\\\/\\\/www.instagram.com\\\/confepenyesfcb\\\/\"]}]}<\/script>\n<!-- \/ Yoast SEO Premium plugin. -->","yoast_head_json":{"title":"El origen del concepto \u201cPe\u00f1a del Bar\u00e7a\u201d - Conf. Mundial Penyes","description":"El quiosco modernista de Canaletes fue el sitio donde, en el a\u00f1o 1909, tuvo su origen el concepto \"Pe\u00f1a del Bar\u00e7a\".","robots":{"index":"index","follow":"follow","max-snippet":"max-snippet:-1","max-image-preview":"max-image-preview:large","max-video-preview":"max-video-preview:-1"},"canonical":"https:\/\/confederaciopenyes.cat\/es\/origen-concepto-pena-barca\/","og_locale":"es_ES","og_type":"article","og_title":"El origen del concepto \u201cPe\u00f1a del Bar\u00e7a\u201d","og_description":"El quiosco modernista de Canaletes fue el sitio donde, en el a\u00f1o 1909, tuvo su origen el concepto \"Pe\u00f1a del Bar\u00e7a\".","og_url":"https:\/\/confederaciopenyes.cat\/es\/origen-concepto-pena-barca\/","og_site_name":"Confederaci\u00f3 Mundial de Penyes del FC Barcelona","article_publisher":"https:\/\/www.facebook.com\/ConfederacioMundialPenyesFCB","article_modified_time":"2024-05-15T14:34:16+00:00","og_image":[{"width":637,"height":443,"url":"https:\/\/confederaciopenyes.cat\/wp-content\/uploads\/2024\/02\/Quiosc-de-Canaletes-vista-interior.jpg","type":"image\/jpeg"}],"twitter_card":"summary_large_image","twitter_site":"@ConfePenyesFCB","twitter_misc":{"Tiempo de lectura":"3 minutos"},"schema":{"@context":"https:\/\/schema.org","@graph":[{"@type":"WebPage","@id":"https:\/\/confederaciopenyes.cat\/es\/origen-concepto-pena-barca\/","url":"https:\/\/confederaciopenyes.cat\/es\/origen-concepto-pena-barca\/","name":"El origen del concepto \u201cPe\u00f1a del Bar\u00e7a\u201d - Conf. Mundial Penyes","isPartOf":{"@id":"https:\/\/confederaciopenyes.cat\/es\/#website"},"primaryImageOfPage":{"@id":"https:\/\/confederaciopenyes.cat\/es\/origen-concepto-pena-barca\/#primaryimage"},"image":{"@id":"https:\/\/confederaciopenyes.cat\/es\/origen-concepto-pena-barca\/#primaryimage"},"thumbnailUrl":"https:\/\/confederaciopenyes.cat\/wp-content\/uploads\/2024\/02\/Quiosc-de-Canaletes-vista-interior.jpg","datePublished":"2024-02-08T10:28:17+00:00","dateModified":"2024-05-15T14:34:16+00:00","description":"El quiosco modernista de Canaletes fue el sitio donde, en el a\u00f1o 1909, tuvo su origen el concepto \"Pe\u00f1a del Bar\u00e7a\".","breadcrumb":{"@id":"https:\/\/confederaciopenyes.cat\/es\/origen-concepto-pena-barca\/#breadcrumb"},"inLanguage":"es","potentialAction":[{"@type":"ReadAction","target":["https:\/\/confederaciopenyes.cat\/es\/origen-concepto-pena-barca\/"]}]},{"@type":"ImageObject","inLanguage":"es","@id":"https:\/\/confederaciopenyes.cat\/es\/origen-concepto-pena-barca\/#primaryimage","url":"https:\/\/confederaciopenyes.cat\/wp-content\/uploads\/2024\/02\/Quiosc-de-Canaletes-vista-interior.jpg","contentUrl":"https:\/\/confederaciopenyes.cat\/wp-content\/uploads\/2024\/02\/Quiosc-de-Canaletes-vista-interior.jpg","width":637,"height":443,"caption":"Centre de Documentaci\u00f3 del\u00a0FCB"},{"@type":"BreadcrumbList","@id":"https:\/\/confederaciopenyes.cat\/es\/origen-concepto-pena-barca\/#breadcrumb","itemListElement":[{"@type":"ListItem","position":1,"name":"Portada","item":"https:\/\/confederaciopenyes.cat\/es\/"},{"@type":"ListItem","position":2,"name":"El origen del concepto \u201cPe\u00f1a del Bar\u00e7a\u201d"}]},{"@type":"WebSite","@id":"https:\/\/confederaciopenyes.cat\/es\/#website","url":"https:\/\/confederaciopenyes.cat\/es\/","name":"Confederaci\u00f3 Mundial de Penyes del FC Barcelona","description":"C.M. Penyes FC Barcelona","publisher":{"@id":"https:\/\/confederaciopenyes.cat\/es\/#organization"},"potentialAction":[{"@type":"SearchAction","target":{"@type":"EntryPoint","urlTemplate":"https:\/\/confederaciopenyes.cat\/es\/?s={search_term_string}"},"query-input":{"@type":"PropertyValueSpecification","valueRequired":true,"valueName":"search_term_string"}}],"inLanguage":"es"},{"@type":"Organization","@id":"https:\/\/confederaciopenyes.cat\/es\/#organization","name":"Confederaci\u00f3 Mundial de Penyes del FC Barcelona","url":"https:\/\/confederaciopenyes.cat\/es\/","logo":{"@type":"ImageObject","inLanguage":"es","@id":"https:\/\/confederaciopenyes.cat\/es\/#\/schema\/logo\/image\/","url":"https:\/\/confederaciopenyes.cat\/wp-content\/uploads\/2022\/07\/cropped-logo_horizontal.png","contentUrl":"https:\/\/confederaciopenyes.cat\/wp-content\/uploads\/2022\/07\/cropped-logo_horizontal.png","width":1320,"height":309,"caption":"Confederaci\u00f3 Mundial de Penyes del FC Barcelona"},"image":{"@id":"https:\/\/confederaciopenyes.cat\/es\/#\/schema\/logo\/image\/"},"sameAs":["https:\/\/www.facebook.com\/ConfederacioMundialPenyesFCB","https:\/\/x.com\/ConfePenyesFCB","https:\/\/www.instagram.com\/confepenyesfcb\/"]}]}},"_links":{"self":[{"href":"https:\/\/confederaciopenyes.cat\/es\/wp-json\/wp\/v2\/pages\/10420","targetHints":{"allow":["GET"]}}],"collection":[{"href":"https:\/\/confederaciopenyes.cat\/es\/wp-json\/wp\/v2\/pages"}],"about":[{"href":"https:\/\/confederaciopenyes.cat\/es\/wp-json\/wp\/v2\/types\/page"}],"author":[{"embeddable":true,"href":"https:\/\/confederaciopenyes.cat\/es\/wp-json\/wp\/v2\/users\/4"}],"replies":[{"embeddable":true,"href":"https:\/\/confederaciopenyes.cat\/es\/wp-json\/wp\/v2\/comments?post=10420"}],"version-history":[{"count":2,"href":"https:\/\/confederaciopenyes.cat\/es\/wp-json\/wp\/v2\/pages\/10420\/revisions"}],"predecessor-version":[{"id":10428,"href":"https:\/\/confederaciopenyes.cat\/es\/wp-json\/wp\/v2\/pages\/10420\/revisions\/10428"}],"wp:featuredmedia":[{"embeddable":true,"href":"https:\/\/confederaciopenyes.cat\/es\/wp-json\/wp\/v2\/media\/19361"}],"wp:attachment":[{"href":"https:\/\/confederaciopenyes.cat\/es\/wp-json\/wp\/v2\/media?parent=10420"}],"curies":[{"name":"wp","href":"https:\/\/api.w.org\/{rel}","templated":true}]}}