{"id":19730,"date":"2024-02-21T12:10:23","date_gmt":"2024-02-21T11:10:23","guid":{"rendered":"https:\/\/confederaciopenyes.cat\/los-cuartos-equipos-nova-germanor-y-els-apatics\/"},"modified":"2024-06-12T15:07:40","modified_gmt":"2024-06-12T13:07:40","slug":"cuartos-equipos-nova-germanor-els-apatics","status":"publish","type":"page","link":"https:\/\/confederaciopenyes.cat\/es\/cuartos-equipos-nova-germanor-els-apatics\/","title":{"rendered":"Los cuartos equipos. Nova Germanor y Els Ap\u00e0tics"},"content":{"rendered":"\n<p>Si analitzem alguns fets de la segona d\u00e8cada del segle\u00a0XX del FC\u00a0Barcelona, podr\u00edem arribar a la conclusi\u00f3 que existeix certa <strong>relaci\u00f3 de l\u2019aparici\u00f3 de les penyes amb la primera divisi\u00f3 pol\u00edtica que hi ha hagut al barcelonisme i que ha perdurat fins l\u2019actualitat<\/strong>. I \u00e9s aleshores quan ens preguntem: quina mena de relaci\u00f3 pot lligar un m\u00f3n te\u00f2ricament d\u2019unitat i consens, com pot ser el de les penyes, amb un fet que representa tanta divisi\u00f3 dins del Club com els famosos \u201cismes\u201d?<\/p>\n\n\n\n<p>Si tirem enrere en el temps, tot comen\u00e7a el <strong>17 de juliol de 1910<\/strong>, quan el FC\u00a0Barcelona decideix <strong>celebrar al seu nou petit estadi del carrer Ind\u00fastria la gesta de la consecuci\u00f3 dels tres campionats de la temporada 1909\/1910<\/strong> (Campionat de Catalunya, Campionat d\u2019Espanya \u2013actualment conegut com Copa del Rei\u2013 i Challenge Internacional del Sud de Fran\u00e7a o Copa dels Pirineus). Aquesta celebraci\u00f3 compta per primer cop amb la interpretaci\u00f3 del <strong>primer himne de tots els que ha tingut el Club<\/strong>, i que tamb\u00e9 es pot considerar el primer himne d\u2019un equip europeu de futbol. Obra del militar gallec Jose Antonio Lodeiro Pi\u00f1eiroa, aquest himne tenia una <strong>lletra molt combativa i una m\u00fasica alegre interpretada per la banda de m\u00fasica del Regimiento de Alc\u00e1ntara 58 d\u2019infanteria<\/strong>, regiment militar ubicat a Barcelona. Entre els socis del FC\u00a0Barcelona, hi havia militars que compartien vict\u00f2ries i \u00e8xits amb socis de la classe burgesa catalanista, com per exemple el <strong>general Juan Avil\u00e9s o els Peris de Vargas<\/strong>, una fam\u00edlia de molts germans, tres dels quals van arribar a vestir la samarreta blaugrana. Cal destacar <strong>Enrique Peris<\/strong>, que va jugar 308 partits amb el Bar\u00e7a des de la temporada 1906\/1907 a la 1916\/1917.<\/p>\n\n\n\n<p>Entre els germans Peris, n\u2019hi va haver un que no va ser jugador, per\u00f2 s\u00ed que ha passat a la hist\u00f2ria com un dels dirigents que han causat m\u00e9s pol\u00e8mica en la seva traject\u00f2ria en la presid\u00e8ncia del FC Barcelona, en dues ocasions, fins l\u2019estiu del 1915. El 29 de juny de 1915, <strong>Rafael Llopart<\/strong> arriba a la presid\u00e8ncia i un any despr\u00e9s, el 25 de juny de 1916, el relleva el pol\u00edtic catalanista <strong>Gaspar Ros\u00e9s<\/strong>, que guanya de forma clara les eleccions a l\u2019home de Peris de Vargas, Josep Preckler. <strong>El club es tranquil\u00b7litza i les aig\u00fces es calmen aparentment, per molt que a nivell extern hi havia problemes diversos amb les federacions<\/strong>. Per\u00f2 el remei a tot sempre estava en <strong>Joan Gamper<\/strong> i, aix\u00ed, a les eleccions de 17 de juny de 1917, aquest torna a la presid\u00e8ncia per tercera vegada i roman al c\u00e0rrec fins al 19 de juny de 1919, data en qu\u00e8 \u00e9s rellevat pel seu company Ricard Graells.<\/p>\n\n\n<div class=\"wp-block-image is-style-default\">\n<figure class=\"aligncenter size-full\"><a href=\"https:\/\/confederaciopenyes.cat\/wp-content\/uploads\/2024\/02\/foto-3-peris-de-vargas.jpg\"><img decoding=\"async\" width=\"566\" height=\"451\" data-src=\"https:\/\/confederaciopenyes.cat\/wp-content\/uploads\/2024\/02\/foto-3-peris-de-vargas.jpg\" alt=\"\" class=\"wp-image-19723 lazyload\" data-srcset=\"https:\/\/confederaciopenyes.cat\/wp-content\/uploads\/2024\/02\/foto-3-peris-de-vargas.jpg 566w, https:\/\/confederaciopenyes.cat\/wp-content\/uploads\/2024\/02\/foto-3-peris-de-vargas-300x239.jpg 300w\" data-sizes=\"(max-width: 566px) 100vw, 566px\" src=\"data:image\/svg+xml;base64,PHN2ZyB3aWR0aD0iMSIgaGVpZ2h0PSIxIiB4bWxucz0iaHR0cDovL3d3dy53My5vcmcvMjAwMC9zdmciPjwvc3ZnPg==\" style=\"--smush-placeholder-width: 566px; --smush-placeholder-aspect-ratio: 566\/451;\" \/><\/a><\/figure>\n<\/div>\n\n\n<p><\/p>\n\n\n\n<p><strong>I qu\u00e8 hi tenen a veure amb tot aquest entramat les penyes del Bar\u00e7a?<\/strong><\/p>\n\n\n\n<p>Est\u00e0 clar que Peris de Vargas o els seus seguidors no van estar-se quiets durant els anys posteriors, i quan hi havia un entrebanc en les successives directives, apareixien demostrant la seva oposici\u00f3. Tamb\u00e9 <strong>el 1915 \u00e9s quan hi ha la primera refer\u00e8ncia als quarts equips del FC\u00a0Barcelona<\/strong>, on es veu la divisi\u00f3 existent entre els dos grups pol\u00edtics dintre del club: <strong>els mon\u00e0rquics i els catalanistes<\/strong>. No se sap exactament quan va ser l\u2019aparici\u00f3 real dels anomenats quarts equips ni en qu\u00e8 consistien. Alguns afirmen que eren els equips infantils, (perqu\u00e8 ja existien els equips B i C), altres pensen que en realitat eren equips m\u00e9s diversos o, el que \u00e9s el mateix, equips de penyes.<\/p>\n\n\n\n<p>En la nostra opini\u00f3, sempre discutible, <strong>eren equips de gent jove sense cap interval d\u2019edat<\/strong> que organitzaven els seus propis tornejos o b\u00e9 partits de costellada. \u00c9s a dir, res a veure amb l\u2019estructura d\u2019avui en dia en les categories inferiors del futbol.<\/p>\n\n\n\n<h6 class=\"wp-block-heading\" id=\"h-referencies-dels-quarts-equips\"><strong>Refer\u00e8ncies dels quarts equips<\/strong><\/h6>\n\n\n\n<ul class=\"wp-block-list\">\n<li><strong>1915<\/strong>: Hutchinson (primer esment a la revista Foot-Ball, 3\/6\/1915), Matas (3\/6\/1915).<\/li>\n\n\n\n<li><strong>1916<\/strong>: Cuarto G (22\/6\/1916), \u00c1guilas (24\/8\/1916), New Hudson (28\/9\/1916), Reina Victoria Eugenia (3\/11\/1916). Aquest darrer equip apareix justament despr\u00e9s d\u2019accedir a la presid\u00e8ncia el primer president pol\u00edtic catalanista, Gaspar Ros\u00e9s. Casualitats?<\/li>\n\n\n\n<li><strong>1917<\/strong>: Vampiros (1\/2\/1917), 70 HP (12\/4\/1917), H (28\/6\/1917), TBO (27\/7\/1917), Novells (11\/10\/1917), Thedy (20\/12\/1917).<\/li>\n\n\n\n<li><strong>1918<\/strong>: Tranquils (7\/3\/1918), Atiles (21\/3\/1918), Nova Germanor (11\/4\/1918), The Tango (13\/6\/1918), Els Teddys (20\/6\/1918), Alfonso XIII (27\/6\/1918), Ap\u00e0tics (15\/8\/1918), No\u2019ns Contis (5\/9\/1918), Aliats (26\/9\/1918), Los Calaveras (7\/11\/1918), Retintins (12\/12\/1918).<\/li>\n<\/ul>\n\n\n\n<p>En aquest darrer llistat, caldria fixar-nos en <strong>els Ap\u00e0tics<\/strong>, ja que aquest quart equip far\u00e0 un pas m\u00e9s endavant i <strong>passar\u00e0 a auto-qualificar-se com a penya<\/strong>. Tamb\u00e9 cal afegir que <strong>Vicen\u00e7 Piera<\/strong>, el futur gran jugador de l\u2019Edat d\u2019Or, conegut com \u201cLa Bruixa\u201d i que actualment dona nom a la penya de La R\u00e0pita, procedia de la <strong>Penya Nova Germanor<\/strong>. Aix\u00ed doncs, a banda dels Ap\u00e0tics tamb\u00e9 se\u2019ns presenta un altre nou salt de quart equip a \u201cpenya\u201d en el cas de Nova Germanor, que encara \u00e9s m\u00e9s antic que els Ap\u00e0tics. Ara b\u00e9, el fet que la denominaci\u00f3 \u201cpenya\u201d la trob\u00e9ssim quan Piera va ingressar el 1920 ens crea dubtes sobre si van ser primers els uns o els altres.<\/p>\n\n\n\n<ul class=\"wp-block-list\">\n<li><strong>1919<\/strong>: Els Reposats (20\/3\/1919), Els Segadors (1\/5\/1919), Els Amics (1\/5\/1919), Els Esmolets (15\/5\/1919), Els Nacionalistes (15\/5\/1919), Els \u00danics (15\/5\/1919), Nacional (26\/6\/1919), Almog\u00e0vers (17\/7\/1919), Atletes (17\/7\/1919), Jove Catalunya (4\/9\/1919).<\/li>\n<\/ul>\n\n\n\n<p>L\u2019any 1919, el Bar\u00e7a fa un altre<strong> pas endavant en el cam\u00ed catalanista amb la nova presid\u00e8ncia de Ricard Graells<\/strong>, que un any abans va donar suport a la petici\u00f3 d\u2019Estatut d\u2019Autonomia per a Catalunya i que va fer l\u2019ofrena floral al monument de Rafael Casanova l\u201911 de setembre per primera vegada en la seva hist\u00f2ria. I, casualitats o no, es pot comprovar que l\u2019any 1919 els noms dels quarts equips son majorit\u00e0riament catalanistes i desapareixen alguns dels noms mon\u00e0rquics anteriors. <strong>Enfront la teoria que els quarts equips eren infantils, ens fem la pregunta: creiem sincerament que a un equip de nens se li podria posar noms com Segadors, Esmolets, Nacionalistes o Almog\u00e0vers?<\/strong> I, per \u00faltim, el fet que Piera ingress\u00e9s a Nova Germanor ja amb 17 anys fa pensar que aquells equips no eren precisament alevins o infantils.<\/p>\n\n\n\n<p>Aquestes aparicions, que continuarien als anys 20, demostren que <strong>la massa social del Club havia fet ja un gir pol\u00edtic irreversible que, amb m\u00e9s o menys clandestinitat i m\u00e9s o menys descomplexament, ja formaria part d\u2019un ADN i d\u2019unes arrels que han perdurat fins al segle\u00a0XXI<\/strong>.<\/p>\n\n\n\n<h6 class=\"wp-block-heading\" id=\"h-el-cas-dels-apatics\"><strong>El cas dels Ap\u00e0tics<\/strong><\/h6>\n\n\n\n<p>En tot aquest entramat, l\u2019any 1918 apareix un d\u2019aquests quarts equips que tamb\u00e9 fa el salt a una nova dimensi\u00f3 i al nou terme de penya. Es tracta dels <strong>Ap\u00e0tics<\/strong>: una penya que, com el seu nom indica, <strong>semblava ser de les que no creia massa en el nou rumb de les directives del FC\u00a0Barcelona<\/strong>. En algun fet publicat en la revista Foot Ball denotem que darrere d\u2019aquesta penya hi havia Peris de Vargas, el germ\u00e0 del qual, Enrique Peris, tamb\u00e9 havia marxat del club amb l\u2019entrada de Gamper com a president el 1917, i la <strong>separaci\u00f3 definitiva en el que anomenarem <em>peristes i gamperians<\/em><\/strong>. Casualitat tamb\u00e9? Per qu\u00e8 creiem que al darrere d\u2019aquesta penya hi havia el senyor Peris de Vargas o els seus seguidors? Simplement, per l\u2019\u00fanica publicaci\u00f3 que trobem d\u2019una activitat de la penya.<\/p>\n\n\n<div class=\"wp-block-image is-style-default\">\n<figure class=\"aligncenter size-large is-resized\"><a href=\"https:\/\/confederaciopenyes.cat\/wp-content\/uploads\/2024\/02\/Foto-4-Apatics-Ball-1918.jpg\"><img decoding=\"async\" width=\"768\" height=\"1024\" data-src=\"https:\/\/confederaciopenyes.cat\/wp-content\/uploads\/2024\/02\/Foto-4-Apatics-Ball-1918-768x1024.jpg\" alt=\"\" class=\"wp-image-19720 lazyload\" style=\"--smush-placeholder-width: 768px; --smush-placeholder-aspect-ratio: 768\/1024;width:335px;height:auto\" data-srcset=\"https:\/\/confederaciopenyes.cat\/wp-content\/uploads\/2024\/02\/Foto-4-Apatics-Ball-1918-768x1024.jpg 768w, https:\/\/confederaciopenyes.cat\/wp-content\/uploads\/2024\/02\/Foto-4-Apatics-Ball-1918-225x300.jpg 225w, https:\/\/confederaciopenyes.cat\/wp-content\/uploads\/2024\/02\/Foto-4-Apatics-Ball-1918-1152x1536.jpg 1152w, https:\/\/confederaciopenyes.cat\/wp-content\/uploads\/2024\/02\/Foto-4-Apatics-Ball-1918.jpg 1299w\" data-sizes=\"(max-width: 768px) 100vw, 768px\" src=\"data:image\/svg+xml;base64,PHN2ZyB3aWR0aD0iMSIgaGVpZ2h0PSIxIiB4bWxucz0iaHR0cDovL3d3dy53My5vcmcvMjAwMC9zdmciPjwvc3ZnPg==\" \/><\/a><\/figure>\n<\/div>\n\n\n<p><\/p>\n\n\n\n<p>Es tracta d\u2019un <strong>ball de revetlla de Sant Jaume<\/strong> en una placeta de Barcelona. En principi, no s\u2019aixecaria cap sospita sobre la pres\u00e8ncia de grups d\u2019oposici\u00f3 a Gamper darrere dels Ap\u00e0tics Barcelonistes, sobretot perqu\u00e8 exigien el rebut de soci pagat. No especifica si aquesta quota \u00e9s la de soci del Club o de la mateixa penya, per\u00f2 pensem que \u00e9s la primera perqu\u00e8 aleshores era imaginable que els qui no pagaven la quota deixaven de ser socis i, per tant, deixaven de ser elements a qui dirigir una campanya electoral. Recordem que llavors hi havia eleccions cada any, tal com es pot llegir als Estatuts.<\/p>\n\n\n\n<p>Ara b\u00e9, la sospita apareix quan observem que <strong>la banda que amenitzaria el ball \u00e9s la banda de m\u00fasica del Regimiento de Alc\u00e1ntara<\/strong>; la de Peris de Vargas, la de Lodeiro Pi\u00f1eiros. Aquella banda militar que va compondre el primer himne del Club, vuit anys abans. Davant del misteri\u00f3s anunci, i a la recerca d\u2019una segona informaci\u00f3, nom\u00e9s podem avan\u00e7ar fins <strong>l\u2019any seg\u00fcent, quan va arribar l\u2019oficialitat de la primera penya social del FC\u00a0Barcelona: Penya Barcelonista del FC Barcelona<\/strong>. Per\u00f2 aix\u00f2 ja seria una altra hist\u00f2ria. <\/p>\n\n\n\n<p>Aix\u00ed doncs, contemplant la poca informaci\u00f3 que es t\u00e9 d\u2019aquells anys, ara mateix i sense que surti cap nova prova en contra, <strong>es pot considerar Nova Germanor com a primera penya barcelonista esportiva<\/strong>, i <strong>els Ap\u00e0tics com a primera penya social no oficial<\/strong>.<\/p>\n","protected":false},"excerpt":{"rendered":"<p>Si analitzem alguns fets de la segona d\u00e8cada del segle\u00a0XX del FC\u00a0Barcelona, podr\u00edem arribar a la conclusi\u00f3 que existeix certa relaci\u00f3 de l\u2019aparici\u00f3 de les penyes amb la primera divisi\u00f3 pol\u00edtica que hi ha hagut al barcelonisme i que ha perdurat fins l\u2019actualitat. I \u00e9s aleshores quan ens preguntem: quina mena de relaci\u00f3 pot lligar &#8230; <a title=\"Los cuartos equipos. Nova Germanor y Els Ap\u00e0tics\" class=\"read-more\" href=\"https:\/\/confederaciopenyes.cat\/es\/cuartos-equipos-nova-germanor-els-apatics\/\" aria-label=\"Leer m\u00e1s sobre Los cuartos equipos. Nova Germanor y Els Ap\u00e0tics\">Leer m\u00e1s<\/a><\/p>\n","protected":false},"author":4,"featured_media":19729,"parent":0,"menu_order":0,"comment_status":"closed","ping_status":"closed","template":"","meta":{"_acf_changed":false,"footnotes":""},"class_list":["post-19730","page","type-page","status-publish","has-post-thumbnail"],"acf":[],"yoast_head":"<!-- This site is optimized with the Yoast SEO Premium plugin v26.7 (Yoast SEO v27.4) - https:\/\/yoast.com\/product\/yoast-seo-premium-wordpress\/ -->\n<title>Los cuartos equipos. Nova Germanor y Els Ap\u00e0tics - Conf. M. Pe\u00f1as<\/title>\n<meta name=\"description\" content=\"Los cuartos equipos Nova Germanor y Ap\u00e0tics fueron la semilla de las primeras pe\u00f1as del FC Barcelona en la d\u00e9cada de 1910.\" \/>\n<meta name=\"robots\" content=\"index, follow, max-snippet:-1, max-image-preview:large, max-video-preview:-1\" \/>\n<link rel=\"canonical\" href=\"https:\/\/confederaciopenyes.cat\/es\/cuartos-equipos-nova-germanor-els-apatics\/\" \/>\n<meta property=\"og:locale\" content=\"es_ES\" \/>\n<meta property=\"og:type\" content=\"article\" \/>\n<meta property=\"og:title\" content=\"Los cuartos equipos. Nova Germanor y Els Ap\u00e0tics\" \/>\n<meta property=\"og:description\" content=\"Los cuartos equipos Nova Germanor y Ap\u00e0tics fueron la semilla de las primeras pe\u00f1as del FC Barcelona en la d\u00e9cada de 1910.\" \/>\n<meta property=\"og:url\" content=\"https:\/\/confederaciopenyes.cat\/es\/cuartos-equipos-nova-germanor-els-apatics\/\" \/>\n<meta property=\"og:site_name\" content=\"Confederaci\u00f3 Mundial de Penyes del FC Barcelona\" \/>\n<meta property=\"article:publisher\" content=\"https:\/\/www.facebook.com\/ConfederacioMundialPenyesFCB\" \/>\n<meta property=\"article:modified_time\" content=\"2024-06-12T13:07:40+00:00\" \/>\n<meta property=\"og:image\" content=\"https:\/\/confederaciopenyes.cat\/wp-content\/uploads\/2024\/02\/15267910.jpg\" \/>\n\t<meta property=\"og:image:width\" content=\"1200\" \/>\n\t<meta property=\"og:image:height\" content=\"750\" \/>\n\t<meta property=\"og:image:type\" content=\"image\/jpeg\" \/>\n<meta name=\"twitter:card\" content=\"summary_large_image\" \/>\n<meta name=\"twitter:site\" content=\"@ConfePenyesFCB\" \/>\n<meta name=\"twitter:label1\" content=\"Tiempo de lectura\" \/>\n\t<meta name=\"twitter:data1\" content=\"8 minutos\" \/>\n<script type=\"application\/ld+json\" class=\"yoast-schema-graph\">{\"@context\":\"https:\\\/\\\/schema.org\",\"@graph\":[{\"@type\":\"WebPage\",\"@id\":\"https:\\\/\\\/confederaciopenyes.cat\\\/es\\\/cuartos-equipos-nova-germanor-els-apatics\\\/\",\"url\":\"https:\\\/\\\/confederaciopenyes.cat\\\/es\\\/cuartos-equipos-nova-germanor-els-apatics\\\/\",\"name\":\"Los cuartos equipos. Nova Germanor y Els Ap\u00e0tics - Conf. M. Pe\u00f1as\",\"isPartOf\":{\"@id\":\"https:\\\/\\\/confederaciopenyes.cat\\\/es\\\/#website\"},\"primaryImageOfPage\":{\"@id\":\"https:\\\/\\\/confederaciopenyes.cat\\\/es\\\/cuartos-equipos-nova-germanor-els-apatics\\\/#primaryimage\"},\"image\":{\"@id\":\"https:\\\/\\\/confederaciopenyes.cat\\\/es\\\/cuartos-equipos-nova-germanor-els-apatics\\\/#primaryimage\"},\"thumbnailUrl\":\"https:\\\/\\\/confederaciopenyes.cat\\\/wp-content\\\/uploads\\\/2024\\\/02\\\/15267910.jpg\",\"datePublished\":\"2024-02-21T11:10:23+00:00\",\"dateModified\":\"2024-06-12T13:07:40+00:00\",\"description\":\"Los cuartos equipos Nova Germanor y Ap\u00e0tics fueron la semilla de las primeras pe\u00f1as del FC Barcelona en la d\u00e9cada de 1910.\",\"breadcrumb\":{\"@id\":\"https:\\\/\\\/confederaciopenyes.cat\\\/es\\\/cuartos-equipos-nova-germanor-els-apatics\\\/#breadcrumb\"},\"inLanguage\":\"es\",\"potentialAction\":[{\"@type\":\"ReadAction\",\"target\":[\"https:\\\/\\\/confederaciopenyes.cat\\\/es\\\/cuartos-equipos-nova-germanor-els-apatics\\\/\"]}]},{\"@type\":\"ImageObject\",\"inLanguage\":\"es\",\"@id\":\"https:\\\/\\\/confederaciopenyes.cat\\\/es\\\/cuartos-equipos-nova-germanor-els-apatics\\\/#primaryimage\",\"url\":\"https:\\\/\\\/confederaciopenyes.cat\\\/wp-content\\\/uploads\\\/2024\\\/02\\\/15267910.jpg\",\"contentUrl\":\"https:\\\/\\\/confederaciopenyes.cat\\\/wp-content\\\/uploads\\\/2024\\\/02\\\/15267910.jpg\",\"width\":1200,\"height\":750},{\"@type\":\"BreadcrumbList\",\"@id\":\"https:\\\/\\\/confederaciopenyes.cat\\\/es\\\/cuartos-equipos-nova-germanor-els-apatics\\\/#breadcrumb\",\"itemListElement\":[{\"@type\":\"ListItem\",\"position\":1,\"name\":\"Portada\",\"item\":\"https:\\\/\\\/confederaciopenyes.cat\\\/es\\\/\"},{\"@type\":\"ListItem\",\"position\":2,\"name\":\"Los cuartos equipos. Nova Germanor y Els Ap\u00e0tics\"}]},{\"@type\":\"WebSite\",\"@id\":\"https:\\\/\\\/confederaciopenyes.cat\\\/es\\\/#website\",\"url\":\"https:\\\/\\\/confederaciopenyes.cat\\\/es\\\/\",\"name\":\"Confederaci\u00f3 Mundial de Penyes del FC Barcelona\",\"description\":\"C.M. Penyes FC Barcelona\",\"publisher\":{\"@id\":\"https:\\\/\\\/confederaciopenyes.cat\\\/es\\\/#organization\"},\"potentialAction\":[{\"@type\":\"SearchAction\",\"target\":{\"@type\":\"EntryPoint\",\"urlTemplate\":\"https:\\\/\\\/confederaciopenyes.cat\\\/es\\\/?s={search_term_string}\"},\"query-input\":{\"@type\":\"PropertyValueSpecification\",\"valueRequired\":true,\"valueName\":\"search_term_string\"}}],\"inLanguage\":\"es\"},{\"@type\":\"Organization\",\"@id\":\"https:\\\/\\\/confederaciopenyes.cat\\\/es\\\/#organization\",\"name\":\"Confederaci\u00f3 Mundial de Penyes del FC Barcelona\",\"url\":\"https:\\\/\\\/confederaciopenyes.cat\\\/es\\\/\",\"logo\":{\"@type\":\"ImageObject\",\"inLanguage\":\"es\",\"@id\":\"https:\\\/\\\/confederaciopenyes.cat\\\/es\\\/#\\\/schema\\\/logo\\\/image\\\/\",\"url\":\"https:\\\/\\\/confederaciopenyes.cat\\\/wp-content\\\/uploads\\\/2022\\\/07\\\/cropped-logo_horizontal.png\",\"contentUrl\":\"https:\\\/\\\/confederaciopenyes.cat\\\/wp-content\\\/uploads\\\/2022\\\/07\\\/cropped-logo_horizontal.png\",\"width\":1320,\"height\":309,\"caption\":\"Confederaci\u00f3 Mundial de Penyes del FC Barcelona\"},\"image\":{\"@id\":\"https:\\\/\\\/confederaciopenyes.cat\\\/es\\\/#\\\/schema\\\/logo\\\/image\\\/\"},\"sameAs\":[\"https:\\\/\\\/www.facebook.com\\\/ConfederacioMundialPenyesFCB\",\"https:\\\/\\\/x.com\\\/ConfePenyesFCB\",\"https:\\\/\\\/www.instagram.com\\\/confepenyesfcb\\\/\"]}]}<\/script>\n<!-- \/ Yoast SEO Premium plugin. -->","yoast_head_json":{"title":"Los cuartos equipos. Nova Germanor y Els Ap\u00e0tics - Conf. M. Pe\u00f1as","description":"Los cuartos equipos Nova Germanor y Ap\u00e0tics fueron la semilla de las primeras pe\u00f1as del FC Barcelona en la d\u00e9cada de 1910.","robots":{"index":"index","follow":"follow","max-snippet":"max-snippet:-1","max-image-preview":"max-image-preview:large","max-video-preview":"max-video-preview:-1"},"canonical":"https:\/\/confederaciopenyes.cat\/es\/cuartos-equipos-nova-germanor-els-apatics\/","og_locale":"es_ES","og_type":"article","og_title":"Los cuartos equipos. Nova Germanor y Els Ap\u00e0tics","og_description":"Los cuartos equipos Nova Germanor y Ap\u00e0tics fueron la semilla de las primeras pe\u00f1as del FC Barcelona en la d\u00e9cada de 1910.","og_url":"https:\/\/confederaciopenyes.cat\/es\/cuartos-equipos-nova-germanor-els-apatics\/","og_site_name":"Confederaci\u00f3 Mundial de Penyes del FC Barcelona","article_publisher":"https:\/\/www.facebook.com\/ConfederacioMundialPenyesFCB","article_modified_time":"2024-06-12T13:07:40+00:00","og_image":[{"width":1200,"height":750,"url":"https:\/\/confederaciopenyes.cat\/wp-content\/uploads\/2024\/02\/15267910.jpg","type":"image\/jpeg"}],"twitter_card":"summary_large_image","twitter_site":"@ConfePenyesFCB","twitter_misc":{"Tiempo de lectura":"8 minutos"},"schema":{"@context":"https:\/\/schema.org","@graph":[{"@type":"WebPage","@id":"https:\/\/confederaciopenyes.cat\/es\/cuartos-equipos-nova-germanor-els-apatics\/","url":"https:\/\/confederaciopenyes.cat\/es\/cuartos-equipos-nova-germanor-els-apatics\/","name":"Los cuartos equipos. Nova Germanor y Els Ap\u00e0tics - Conf. M. Pe\u00f1as","isPartOf":{"@id":"https:\/\/confederaciopenyes.cat\/es\/#website"},"primaryImageOfPage":{"@id":"https:\/\/confederaciopenyes.cat\/es\/cuartos-equipos-nova-germanor-els-apatics\/#primaryimage"},"image":{"@id":"https:\/\/confederaciopenyes.cat\/es\/cuartos-equipos-nova-germanor-els-apatics\/#primaryimage"},"thumbnailUrl":"https:\/\/confederaciopenyes.cat\/wp-content\/uploads\/2024\/02\/15267910.jpg","datePublished":"2024-02-21T11:10:23+00:00","dateModified":"2024-06-12T13:07:40+00:00","description":"Los cuartos equipos Nova Germanor y Ap\u00e0tics fueron la semilla de las primeras pe\u00f1as del FC Barcelona en la d\u00e9cada de 1910.","breadcrumb":{"@id":"https:\/\/confederaciopenyes.cat\/es\/cuartos-equipos-nova-germanor-els-apatics\/#breadcrumb"},"inLanguage":"es","potentialAction":[{"@type":"ReadAction","target":["https:\/\/confederaciopenyes.cat\/es\/cuartos-equipos-nova-germanor-els-apatics\/"]}]},{"@type":"ImageObject","inLanguage":"es","@id":"https:\/\/confederaciopenyes.cat\/es\/cuartos-equipos-nova-germanor-els-apatics\/#primaryimage","url":"https:\/\/confederaciopenyes.cat\/wp-content\/uploads\/2024\/02\/15267910.jpg","contentUrl":"https:\/\/confederaciopenyes.cat\/wp-content\/uploads\/2024\/02\/15267910.jpg","width":1200,"height":750},{"@type":"BreadcrumbList","@id":"https:\/\/confederaciopenyes.cat\/es\/cuartos-equipos-nova-germanor-els-apatics\/#breadcrumb","itemListElement":[{"@type":"ListItem","position":1,"name":"Portada","item":"https:\/\/confederaciopenyes.cat\/es\/"},{"@type":"ListItem","position":2,"name":"Los cuartos equipos. Nova Germanor y Els Ap\u00e0tics"}]},{"@type":"WebSite","@id":"https:\/\/confederaciopenyes.cat\/es\/#website","url":"https:\/\/confederaciopenyes.cat\/es\/","name":"Confederaci\u00f3 Mundial de Penyes del FC Barcelona","description":"C.M. Penyes FC Barcelona","publisher":{"@id":"https:\/\/confederaciopenyes.cat\/es\/#organization"},"potentialAction":[{"@type":"SearchAction","target":{"@type":"EntryPoint","urlTemplate":"https:\/\/confederaciopenyes.cat\/es\/?s={search_term_string}"},"query-input":{"@type":"PropertyValueSpecification","valueRequired":true,"valueName":"search_term_string"}}],"inLanguage":"es"},{"@type":"Organization","@id":"https:\/\/confederaciopenyes.cat\/es\/#organization","name":"Confederaci\u00f3 Mundial de Penyes del FC Barcelona","url":"https:\/\/confederaciopenyes.cat\/es\/","logo":{"@type":"ImageObject","inLanguage":"es","@id":"https:\/\/confederaciopenyes.cat\/es\/#\/schema\/logo\/image\/","url":"https:\/\/confederaciopenyes.cat\/wp-content\/uploads\/2022\/07\/cropped-logo_horizontal.png","contentUrl":"https:\/\/confederaciopenyes.cat\/wp-content\/uploads\/2022\/07\/cropped-logo_horizontal.png","width":1320,"height":309,"caption":"Confederaci\u00f3 Mundial de Penyes del FC Barcelona"},"image":{"@id":"https:\/\/confederaciopenyes.cat\/es\/#\/schema\/logo\/image\/"},"sameAs":["https:\/\/www.facebook.com\/ConfederacioMundialPenyesFCB","https:\/\/x.com\/ConfePenyesFCB","https:\/\/www.instagram.com\/confepenyesfcb\/"]}]}},"_links":{"self":[{"href":"https:\/\/confederaciopenyes.cat\/es\/wp-json\/wp\/v2\/pages\/19730","targetHints":{"allow":["GET"]}}],"collection":[{"href":"https:\/\/confederaciopenyes.cat\/es\/wp-json\/wp\/v2\/pages"}],"about":[{"href":"https:\/\/confederaciopenyes.cat\/es\/wp-json\/wp\/v2\/types\/page"}],"author":[{"embeddable":true,"href":"https:\/\/confederaciopenyes.cat\/es\/wp-json\/wp\/v2\/users\/4"}],"replies":[{"embeddable":true,"href":"https:\/\/confederaciopenyes.cat\/es\/wp-json\/wp\/v2\/comments?post=19730"}],"version-history":[{"count":2,"href":"https:\/\/confederaciopenyes.cat\/es\/wp-json\/wp\/v2\/pages\/19730\/revisions"}],"predecessor-version":[{"id":23424,"href":"https:\/\/confederaciopenyes.cat\/es\/wp-json\/wp\/v2\/pages\/19730\/revisions\/23424"}],"wp:featuredmedia":[{"embeddable":true,"href":"https:\/\/confederaciopenyes.cat\/es\/wp-json\/wp\/v2\/media\/19729"}],"wp:attachment":[{"href":"https:\/\/confederaciopenyes.cat\/es\/wp-json\/wp\/v2\/media?parent=19730"}],"curies":[{"name":"wp","href":"https:\/\/api.w.org\/{rel}","templated":true}]}}