{"id":20237,"date":"2024-03-06T11:50:34","date_gmt":"2024-03-06T10:50:34","guid":{"rendered":"https:\/\/confederaciopenyes.cat\/penya-ardevol-la-primera-pena-radical\/"},"modified":"2024-06-13T15:41:09","modified_gmt":"2024-06-13T13:41:09","slug":"penya-ardevol-la-primera-pena-radical","status":"publish","type":"page","link":"https:\/\/confederaciopenyes.cat\/es\/penya-ardevol-la-primera-pena-radical\/","title":{"rendered":"Penya Ard\u00e8vol: la primera pe\u00f1a radical"},"content":{"rendered":"\n<p>De vegades es diu, amb arguments bastant convincents, que en el futbol ja tot est\u00e0 inventat. En l\u2019\u00e0mbit de les <strong>penyes o grups de seguidors m\u00e9s radicals del FC Barcelona<\/strong>, aquests semblen haver sorgit a finals dels anys vuitanta o inicis dels noranta, per\u00f2 en realitat <strong>ja venien de molt m\u00e9s enrere<\/strong>. El motiu: <strong>la rivalitat esportiva i pol\u00edtica amb el RCD Espanyol<\/strong>.<\/p>\n\n\n\n<p>A inicis dels anys 20, el FC Barcelona tenia una <strong>secci\u00f3 de lluita grecoromana<\/strong> que liderava un gran campi\u00f3 com <strong>Emili Ard\u00e8vol<\/strong>, qui simpatitzava amb algunes tend\u00e8ncies pol\u00edtiques catalanistes. Prenent en seu nom, es va crear una penya barcelonista, la <strong>Penya Ard\u00e8vol<\/strong>, que es caracteritzava per la seva <strong>animadversi\u00f3 contra l\u2019altre equip important de la capital catalana, el RCD Espanyol<\/strong>. Es tractava d\u2019una rivalitat forjada per les <strong>difer\u00e8ncies tant a nivell esportiu, com tamb\u00e9 pol\u00edtic i institucional<\/strong>. Tant era aix\u00ed que, despr\u00e9s de la inauguraci\u00f3 del <strong>Camp de Les Corts<\/strong> el 20 de maig de 1922, Joan Gamper presumia per tota Barcelona del seu nou i flamant estadi, fent broma i befa del seu gran rival ciutad\u00e0.<\/p>\n\n\n\n<p>El president de l\u2019Espanyol era <strong>Genaro de la Riva<\/strong>, un prohom del club que justament aquell any havia aconseguit <strong>robar-li al Bar\u00e7a el m\u00edtic porter Ricardo Zamora<\/strong>. Ara, Gamper li tornava la bufetada passant-li per la cara aquell nou estadi. De la Riva no va encaixar b\u00e9 aquesta burla de Gamper i, de la seva pr\u00f2pia butxaca, va comprar els terrenys de Can R\u00e0bia, on un any despr\u00e9s inauguraria el m\u00edtic estadi de Sarri\u00e0.<\/p>\n\n\n\n<h6 class=\"wp-block-heading\" id=\"h-l-inici-d-una-rivalitat-de-mes-de-110-anys\"><strong>L\u2019inici d\u2019una rivalitat de m\u00e9s de 110 anys<\/strong><\/h6>\n\n\n\n<p>No \u00e9s d\u2019estranyar, doncs, que cada derbi gaireb\u00e9 esdevingu\u00e9s un acte b\u00e8l\u00b7lic a tots els nivells. De fet, <strong>les primeres picabaralles ja van arribar a la d\u00e8cada del 1910<\/strong>, on les den\u00fancies entre ambd\u00f3s equips eren constants. El 1911, Gamper va expulsar un grup de jugadors del FC Barcelona que, en contrapartida, van fitxar per l\u2019Espanyol i el van refor\u00e7ar enormement, fet que va provocar que <strong>els duels fossin quelcom personal<\/strong>. Posteriorment, va esclatar el fam\u00f3s <strong>cas Garchitorena<\/strong>, on l\u2019Espanyol denunciaria el FC Barcelona per alineaci\u00f3 indeguda del jugador filip\u00ed Juan Garchitorena despr\u00e9s de perdre una eliminat\u00f2ria del Campionat de Catalunya.<\/p>\n\n\n\n<p>En una \u00e8poca de <strong>polititzaci\u00f3 de la societat per la lluita per l&#8217;autonomia, el sindicalisme i el pistolerisme<\/strong>, els dos equips van quedar marcats per sempre. <strong>El Bar\u00e7a era el club catalanista<\/strong> i <strong>l&#8217;Espanyol el club espanyolista<\/strong>, seguint la tend\u00e8ncia que defensava llavors la fam\u00edlia De la Riva.<\/p>\n\n\n<div class=\"wp-block-image is-style-default\">\n<figure class=\"aligncenter size-full is-resized\"><a href=\"https:\/\/confederaciopenyes.cat\/wp-content\/uploads\/2024\/03\/Batussa-Barca-Espanyol.jpg\"><img decoding=\"async\" width=\"948\" height=\"465\" data-src=\"https:\/\/confederaciopenyes.cat\/wp-content\/uploads\/2024\/03\/Batussa-Barca-Espanyol.jpg\" alt=\"\" class=\"wp-image-20229 lazyload\" style=\"--smush-placeholder-width: 948px; --smush-placeholder-aspect-ratio: 948\/465;width:801px;height:auto\" data-srcset=\"https:\/\/confederaciopenyes.cat\/wp-content\/uploads\/2024\/03\/Batussa-Barca-Espanyol.jpg 948w, https:\/\/confederaciopenyes.cat\/wp-content\/uploads\/2024\/03\/Batussa-Barca-Espanyol-300x147.jpg 300w, https:\/\/confederaciopenyes.cat\/wp-content\/uploads\/2024\/03\/Batussa-Barca-Espanyol-768x377.jpg 768w\" data-sizes=\"(max-width: 948px) 100vw, 948px\" src=\"data:image\/svg+xml;base64,PHN2ZyB3aWR0aD0iMSIgaGVpZ2h0PSIxIiB4bWxucz0iaHR0cDovL3d3dy53My5vcmcvMjAwMC9zdmciPjwvc3ZnPg==\" \/><\/a><\/figure>\n<\/div>\n\n\n<p><\/p>\n\n\n\n<h6 class=\"wp-block-heading\" id=\"h-el-derbi-de-la-xavalla\"><strong>El \u201cderbi de la xavalla\u201d<\/strong><\/h6>\n\n\n\n<p>Un altre episodi fou el del 23 de novembre del 1924, quan es va viure el fam\u00f3s <strong>\u201cderbi de la xavalla\u201d<\/strong>, recordat per les <strong>baralles i la pluja de monedes que van obligar a repetir el partit sense p\u00fablic<\/strong>. Aquestes baralles van estar protagonitzades, en part, pels membres de la citada <strong>Penya Ard\u00e8vol<\/strong> i la <strong>Pe\u00f1a Ib\u00e9rica de l&#8217;Espanyol<\/strong>. Aquesta \u00faltima estava formada per <strong>jugadors de la secci\u00f3 blanc-i-blava de rugbi<\/strong> i editava publicacions de car\u00e0cter pol\u00edtic on es definien com \u201cuna joventut catalana marcadament espanyolista\u201d. Entre els seus membres, hi havia <strong>Jos\u00e9 Mar\u00eda Poblador<\/strong>, futur membre de la Falange, i <strong>Josep Clap\u00e9s<\/strong>, futur alcalde de Terrassa durant el franquisme.<\/p>\n\n\n\n<p>No \u00e9s d\u2019estranyar, doncs, el significat d\u2019aquells derbis i <strong>l\u2019enorme tensi\u00f3 que es deuria viure al terreny de joc, als despatxos i a les graderies<\/strong>. Una rivalitat que <strong>ha arribat als nostres dies despr\u00e9s de m\u00e9s de 110 anys<\/strong>. Hauria estat molt interessant conservar imatges d\u2019alguna batussa entre \u201cgrecoromans\u201d i jugadors de rugbi.<\/p>\n\n\n\n<p><\/p>\n\n\n\n<pre class=\"wp-block-verse\"><span style=\"text-decoration: underline;\">Cap\u00edtols anteriors<\/span>:\n\n<strong>1.<\/strong> <a href=\"https:\/\/confederaciopenyes.cat\/origen-concepte-penya-barca\/\" target=\"_blank\" rel=\"noreferrer noopener\">L'origen del concepte \"penya del Bar\u00e7a\"<\/a>\n<strong>2.<\/strong> <a href=\"https:\/\/confederaciopenyes.cat\/quarts-equips-nova-germanor-apatics\/\" target=\"_blank\" rel=\"noreferrer noopener\">Els quarts equips. Nova Germanor i Els Ap\u00e0tics<\/a><\/pre>\n","protected":false},"excerpt":{"rendered":"<p>De vegades es diu, amb arguments bastant convincents, que en el futbol ja tot est\u00e0 inventat. En l\u2019\u00e0mbit de les penyes o grups de seguidors m\u00e9s radicals del FC Barcelona, aquests semblen haver sorgit a finals dels anys vuitanta o inicis dels noranta, per\u00f2 en realitat ja venien de molt m\u00e9s enrere. El motiu: la &#8230; <a title=\"Penya Ard\u00e8vol: la primera pe\u00f1a radical\" class=\"read-more\" href=\"https:\/\/confederaciopenyes.cat\/es\/penya-ardevol-la-primera-pena-radical\/\" aria-label=\"Leer m\u00e1s sobre Penya Ard\u00e8vol: la primera pe\u00f1a radical\">Leer m\u00e1s<\/a><\/p>\n","protected":false},"author":4,"featured_media":0,"parent":0,"menu_order":0,"comment_status":"closed","ping_status":"closed","template":"","meta":{"_acf_changed":false,"footnotes":""},"class_list":["post-20237","page","type-page","status-publish"],"acf":[],"yoast_head":"<!-- This site is optimized with the Yoast SEO Premium plugin v26.7 (Yoast SEO v27.3) - https:\/\/yoast.com\/product\/yoast-seo-premium-wordpress\/ -->\n<title>Penya Ard\u00e8vol: la primera pe\u00f1a radical - Confed. Mundial Penyes<\/title>\n<meta name=\"description\" content=\"La Penya Ard\u00e8vol fue la primera pe\u00f1a radical del FC Barcelona y protagoniz\u00f3 las primeras grandes rivalidades con el RCD Espanyol.\" \/>\n<meta name=\"robots\" content=\"index, follow, max-snippet:-1, max-image-preview:large, max-video-preview:-1\" \/>\n<link rel=\"canonical\" href=\"https:\/\/confederaciopenyes.cat\/es\/penya-ardevol-la-primera-pena-radical\/\" \/>\n<meta property=\"og:locale\" content=\"es_ES\" \/>\n<meta property=\"og:type\" content=\"article\" \/>\n<meta property=\"og:title\" content=\"Penya Ard\u00e8vol: la primera pe\u00f1a radical\" \/>\n<meta property=\"og:description\" content=\"La Penya Ard\u00e8vol fue la primera pe\u00f1a radical del FC Barcelona y protagoniz\u00f3 las primeras grandes rivalidades con el RCD Espanyol.\" \/>\n<meta property=\"og:url\" content=\"https:\/\/confederaciopenyes.cat\/es\/penya-ardevol-la-primera-pena-radical\/\" \/>\n<meta property=\"og:site_name\" content=\"Confederaci\u00f3 Mundial de Penyes del FC Barcelona\" \/>\n<meta property=\"article:publisher\" content=\"https:\/\/www.facebook.com\/ConfederacioMundialPenyesFCB\" \/>\n<meta property=\"article:modified_time\" content=\"2024-06-13T13:41:09+00:00\" \/>\n<meta property=\"og:image\" content=\"https:\/\/confederaciopenyes.cat\/wp-content\/uploads\/2024\/03\/Batussa-Barca-Espanyol.jpg\" \/>\n<meta name=\"twitter:card\" content=\"summary_large_image\" \/>\n<meta name=\"twitter:site\" content=\"@ConfePenyesFCB\" \/>\n<meta name=\"twitter:label1\" content=\"Tiempo de lectura\" \/>\n\t<meta name=\"twitter:data1\" content=\"3 minutos\" \/>\n<script type=\"application\/ld+json\" class=\"yoast-schema-graph\">{\"@context\":\"https:\\\/\\\/schema.org\",\"@graph\":[{\"@type\":\"WebPage\",\"@id\":\"https:\\\/\\\/confederaciopenyes.cat\\\/es\\\/penya-ardevol-la-primera-pena-radical\\\/\",\"url\":\"https:\\\/\\\/confederaciopenyes.cat\\\/es\\\/penya-ardevol-la-primera-pena-radical\\\/\",\"name\":\"Penya Ard\u00e8vol: la primera pe\u00f1a radical - Confed. Mundial Penyes\",\"isPartOf\":{\"@id\":\"https:\\\/\\\/confederaciopenyes.cat\\\/es\\\/#website\"},\"primaryImageOfPage\":{\"@id\":\"https:\\\/\\\/confederaciopenyes.cat\\\/es\\\/penya-ardevol-la-primera-pena-radical\\\/#primaryimage\"},\"image\":{\"@id\":\"https:\\\/\\\/confederaciopenyes.cat\\\/es\\\/penya-ardevol-la-primera-pena-radical\\\/#primaryimage\"},\"thumbnailUrl\":\"https:\\\/\\\/confederaciopenyes.cat\\\/wp-content\\\/uploads\\\/2024\\\/03\\\/Batussa-Barca-Espanyol.jpg\",\"datePublished\":\"2024-03-06T10:50:34+00:00\",\"dateModified\":\"2024-06-13T13:41:09+00:00\",\"description\":\"La Penya Ard\u00e8vol fue la primera pe\u00f1a radical del FC Barcelona y protagoniz\u00f3 las primeras grandes rivalidades con el RCD Espanyol.\",\"breadcrumb\":{\"@id\":\"https:\\\/\\\/confederaciopenyes.cat\\\/es\\\/penya-ardevol-la-primera-pena-radical\\\/#breadcrumb\"},\"inLanguage\":\"es\",\"potentialAction\":[{\"@type\":\"ReadAction\",\"target\":[\"https:\\\/\\\/confederaciopenyes.cat\\\/es\\\/penya-ardevol-la-primera-pena-radical\\\/\"]}]},{\"@type\":\"ImageObject\",\"inLanguage\":\"es\",\"@id\":\"https:\\\/\\\/confederaciopenyes.cat\\\/es\\\/penya-ardevol-la-primera-pena-radical\\\/#primaryimage\",\"url\":\"https:\\\/\\\/confederaciopenyes.cat\\\/wp-content\\\/uploads\\\/2024\\\/03\\\/Batussa-Barca-Espanyol.jpg\",\"contentUrl\":\"https:\\\/\\\/confederaciopenyes.cat\\\/wp-content\\\/uploads\\\/2024\\\/03\\\/Batussa-Barca-Espanyol.jpg\"},{\"@type\":\"BreadcrumbList\",\"@id\":\"https:\\\/\\\/confederaciopenyes.cat\\\/es\\\/penya-ardevol-la-primera-pena-radical\\\/#breadcrumb\",\"itemListElement\":[{\"@type\":\"ListItem\",\"position\":1,\"name\":\"Portada\",\"item\":\"https:\\\/\\\/confederaciopenyes.cat\\\/es\\\/\"},{\"@type\":\"ListItem\",\"position\":2,\"name\":\"Penya Ard\u00e8vol: la primera pe\u00f1a radical\"}]},{\"@type\":\"WebSite\",\"@id\":\"https:\\\/\\\/confederaciopenyes.cat\\\/es\\\/#website\",\"url\":\"https:\\\/\\\/confederaciopenyes.cat\\\/es\\\/\",\"name\":\"Confederaci\u00f3 Mundial de Penyes del FC Barcelona\",\"description\":\"C.M. Penyes FC Barcelona\",\"publisher\":{\"@id\":\"https:\\\/\\\/confederaciopenyes.cat\\\/es\\\/#organization\"},\"alternateName\":\"CMP\",\"potentialAction\":[{\"@type\":\"SearchAction\",\"target\":{\"@type\":\"EntryPoint\",\"urlTemplate\":\"https:\\\/\\\/confederaciopenyes.cat\\\/es\\\/?s={search_term_string}\"},\"query-input\":{\"@type\":\"PropertyValueSpecification\",\"valueRequired\":true,\"valueName\":\"search_term_string\"}}],\"inLanguage\":\"es\"},{\"@type\":\"Organization\",\"@id\":\"https:\\\/\\\/confederaciopenyes.cat\\\/es\\\/#organization\",\"name\":\"Confederaci\u00f3 Mundial de Penyes del FC Barcelona\",\"alternateName\":\"C.M. Penyes FC Barcelona\",\"url\":\"https:\\\/\\\/confederaciopenyes.cat\\\/es\\\/\",\"logo\":{\"@type\":\"ImageObject\",\"inLanguage\":\"es\",\"@id\":\"https:\\\/\\\/confederaciopenyes.cat\\\/es\\\/#\\\/schema\\\/logo\\\/image\\\/\",\"url\":\"https:\\\/\\\/confederaciopenyes.cat\\\/wp-content\\\/uploads\\\/2023\\\/11\\\/Confederacio-Logo-scaled.jpg\",\"contentUrl\":\"https:\\\/\\\/confederaciopenyes.cat\\\/wp-content\\\/uploads\\\/2023\\\/11\\\/Confederacio-Logo-scaled.jpg\",\"width\":2560,\"height\":673,\"caption\":\"Confederaci\u00f3 Mundial de Penyes del FC Barcelona\"},\"image\":{\"@id\":\"https:\\\/\\\/confederaciopenyes.cat\\\/es\\\/#\\\/schema\\\/logo\\\/image\\\/\"},\"sameAs\":[\"https:\\\/\\\/www.facebook.com\\\/ConfederacioMundialPenyesFCB\",\"https:\\\/\\\/x.com\\\/ConfePenyesFCB\",\"https:\\\/\\\/www.instagram.com\\\/confepenyesfcb\\\/\"],\"publishingPrinciples\":\"https:\\\/\\\/confederaciopenyes.cat\\\/en\\\/mission-vision-and-values\\\/\",\"ownershipFundingInfo\":\"https:\\\/\\\/confederaciopenyes.cat\\\/en\\\/organization\\\/\",\"actionableFeedbackPolicy\":\"https:\\\/\\\/confederaciopenyes.cat\\\/en\\\/legal-notice\\\/\"}]}<\/script>\n<!-- \/ Yoast SEO Premium plugin. -->","yoast_head_json":{"title":"Penya Ard\u00e8vol: la primera pe\u00f1a radical - Confed. Mundial Penyes","description":"La Penya Ard\u00e8vol fue la primera pe\u00f1a radical del FC Barcelona y protagoniz\u00f3 las primeras grandes rivalidades con el RCD Espanyol.","robots":{"index":"index","follow":"follow","max-snippet":"max-snippet:-1","max-image-preview":"max-image-preview:large","max-video-preview":"max-video-preview:-1"},"canonical":"https:\/\/confederaciopenyes.cat\/es\/penya-ardevol-la-primera-pena-radical\/","og_locale":"es_ES","og_type":"article","og_title":"Penya Ard\u00e8vol: la primera pe\u00f1a radical","og_description":"La Penya Ard\u00e8vol fue la primera pe\u00f1a radical del FC Barcelona y protagoniz\u00f3 las primeras grandes rivalidades con el RCD Espanyol.","og_url":"https:\/\/confederaciopenyes.cat\/es\/penya-ardevol-la-primera-pena-radical\/","og_site_name":"Confederaci\u00f3 Mundial de Penyes del FC Barcelona","article_publisher":"https:\/\/www.facebook.com\/ConfederacioMundialPenyesFCB","article_modified_time":"2024-06-13T13:41:09+00:00","og_image":[{"url":"https:\/\/confederaciopenyes.cat\/wp-content\/uploads\/2024\/03\/Batussa-Barca-Espanyol.jpg","type":"","width":"","height":""}],"twitter_card":"summary_large_image","twitter_site":"@ConfePenyesFCB","twitter_misc":{"Tiempo de lectura":"3 minutos"},"schema":{"@context":"https:\/\/schema.org","@graph":[{"@type":"WebPage","@id":"https:\/\/confederaciopenyes.cat\/es\/penya-ardevol-la-primera-pena-radical\/","url":"https:\/\/confederaciopenyes.cat\/es\/penya-ardevol-la-primera-pena-radical\/","name":"Penya Ard\u00e8vol: la primera pe\u00f1a radical - Confed. Mundial Penyes","isPartOf":{"@id":"https:\/\/confederaciopenyes.cat\/es\/#website"},"primaryImageOfPage":{"@id":"https:\/\/confederaciopenyes.cat\/es\/penya-ardevol-la-primera-pena-radical\/#primaryimage"},"image":{"@id":"https:\/\/confederaciopenyes.cat\/es\/penya-ardevol-la-primera-pena-radical\/#primaryimage"},"thumbnailUrl":"https:\/\/confederaciopenyes.cat\/wp-content\/uploads\/2024\/03\/Batussa-Barca-Espanyol.jpg","datePublished":"2024-03-06T10:50:34+00:00","dateModified":"2024-06-13T13:41:09+00:00","description":"La Penya Ard\u00e8vol fue la primera pe\u00f1a radical del FC Barcelona y protagoniz\u00f3 las primeras grandes rivalidades con el RCD Espanyol.","breadcrumb":{"@id":"https:\/\/confederaciopenyes.cat\/es\/penya-ardevol-la-primera-pena-radical\/#breadcrumb"},"inLanguage":"es","potentialAction":[{"@type":"ReadAction","target":["https:\/\/confederaciopenyes.cat\/es\/penya-ardevol-la-primera-pena-radical\/"]}]},{"@type":"ImageObject","inLanguage":"es","@id":"https:\/\/confederaciopenyes.cat\/es\/penya-ardevol-la-primera-pena-radical\/#primaryimage","url":"https:\/\/confederaciopenyes.cat\/wp-content\/uploads\/2024\/03\/Batussa-Barca-Espanyol.jpg","contentUrl":"https:\/\/confederaciopenyes.cat\/wp-content\/uploads\/2024\/03\/Batussa-Barca-Espanyol.jpg"},{"@type":"BreadcrumbList","@id":"https:\/\/confederaciopenyes.cat\/es\/penya-ardevol-la-primera-pena-radical\/#breadcrumb","itemListElement":[{"@type":"ListItem","position":1,"name":"Portada","item":"https:\/\/confederaciopenyes.cat\/es\/"},{"@type":"ListItem","position":2,"name":"Penya Ard\u00e8vol: la primera pe\u00f1a radical"}]},{"@type":"WebSite","@id":"https:\/\/confederaciopenyes.cat\/es\/#website","url":"https:\/\/confederaciopenyes.cat\/es\/","name":"Confederaci\u00f3 Mundial de Penyes del FC Barcelona","description":"C.M. Penyes FC Barcelona","publisher":{"@id":"https:\/\/confederaciopenyes.cat\/es\/#organization"},"alternateName":"CMP","potentialAction":[{"@type":"SearchAction","target":{"@type":"EntryPoint","urlTemplate":"https:\/\/confederaciopenyes.cat\/es\/?s={search_term_string}"},"query-input":{"@type":"PropertyValueSpecification","valueRequired":true,"valueName":"search_term_string"}}],"inLanguage":"es"},{"@type":"Organization","@id":"https:\/\/confederaciopenyes.cat\/es\/#organization","name":"Confederaci\u00f3 Mundial de Penyes del FC Barcelona","alternateName":"C.M. Penyes FC Barcelona","url":"https:\/\/confederaciopenyes.cat\/es\/","logo":{"@type":"ImageObject","inLanguage":"es","@id":"https:\/\/confederaciopenyes.cat\/es\/#\/schema\/logo\/image\/","url":"https:\/\/confederaciopenyes.cat\/wp-content\/uploads\/2023\/11\/Confederacio-Logo-scaled.jpg","contentUrl":"https:\/\/confederaciopenyes.cat\/wp-content\/uploads\/2023\/11\/Confederacio-Logo-scaled.jpg","width":2560,"height":673,"caption":"Confederaci\u00f3 Mundial de Penyes del FC Barcelona"},"image":{"@id":"https:\/\/confederaciopenyes.cat\/es\/#\/schema\/logo\/image\/"},"sameAs":["https:\/\/www.facebook.com\/ConfederacioMundialPenyesFCB","https:\/\/x.com\/ConfePenyesFCB","https:\/\/www.instagram.com\/confepenyesfcb\/"],"publishingPrinciples":"https:\/\/confederaciopenyes.cat\/en\/mission-vision-and-values\/","ownershipFundingInfo":"https:\/\/confederaciopenyes.cat\/en\/organization\/","actionableFeedbackPolicy":"https:\/\/confederaciopenyes.cat\/en\/legal-notice\/"}]}},"_links":{"self":[{"href":"https:\/\/confederaciopenyes.cat\/es\/wp-json\/wp\/v2\/pages\/20237","targetHints":{"allow":["GET"]}}],"collection":[{"href":"https:\/\/confederaciopenyes.cat\/es\/wp-json\/wp\/v2\/pages"}],"about":[{"href":"https:\/\/confederaciopenyes.cat\/es\/wp-json\/wp\/v2\/types\/page"}],"author":[{"embeddable":true,"href":"https:\/\/confederaciopenyes.cat\/es\/wp-json\/wp\/v2\/users\/4"}],"replies":[{"embeddable":true,"href":"https:\/\/confederaciopenyes.cat\/es\/wp-json\/wp\/v2\/comments?post=20237"}],"version-history":[{"count":4,"href":"https:\/\/confederaciopenyes.cat\/es\/wp-json\/wp\/v2\/pages\/20237\/revisions"}],"predecessor-version":[{"id":23471,"href":"https:\/\/confederaciopenyes.cat\/es\/wp-json\/wp\/v2\/pages\/20237\/revisions\/23471"}],"wp:attachment":[{"href":"https:\/\/confederaciopenyes.cat\/es\/wp-json\/wp\/v2\/media?parent=20237"}],"curies":[{"name":"wp","href":"https:\/\/api.w.org\/{rel}","templated":true}]}}