{"id":20608,"date":"2024-03-21T11:34:59","date_gmt":"2024-03-21T10:34:59","guid":{"rendered":"https:\/\/confederaciopenyes.cat\/que-paso-con-la-penya-esportiva-esquerra\/"},"modified":"2024-06-13T15:53:14","modified_gmt":"2024-06-13T13:53:14","slug":"que-paso-con-la-penya-esportiva-esquerra","status":"publish","type":"page","link":"https:\/\/confederaciopenyes.cat\/es\/que-paso-con-la-penya-esportiva-esquerra\/","title":{"rendered":"\u00bfQu\u00e9 pas\u00f3 con la Penya Esportiva Esquerra?"},"content":{"rendered":"\n<p>El misteri d\u2019aquesta penya ha arribat fins als nostres dies degut a la seva gran creaci\u00f3 i embranzida, per\u00f2 curta durada. Qu\u00e8 va passar?<\/p>\n\n\n\n<p>Inicialment, per tal de celebrar les noces d\u2019argent del Club, <strong>l\u2019abril de 1923 es va fundar la Penya Esportiva Esquerra<\/strong>, integrada nom\u00e9s per socis blaugranes \u201cd\u2019esperit independent\u201d. Any i mig despr\u00e9s, <strong>a les portes del 25 aniversari del FC Barcelona<\/strong>, curiosament, <strong>la junta barcelonista va convocar la directiva de la Penya Esquerra per demanar-los la seva dissoluci\u00f3<\/strong>.<\/p>\n\n\n<div class=\"wp-block-image is-style-default\">\n<figure class=\"aligncenter size-full\"><a href=\"https:\/\/confederaciopenyes.cat\/wp-content\/uploads\/2024\/03\/2723374.jpg\"><img decoding=\"async\" width=\"624\" height=\"368\" data-src=\"https:\/\/confederaciopenyes.cat\/wp-content\/uploads\/2024\/03\/2723374.jpg\" alt=\"\" class=\"wp-image-20594 lazyload\" data-srcset=\"https:\/\/confederaciopenyes.cat\/wp-content\/uploads\/2024\/03\/2723374.jpg 624w, https:\/\/confederaciopenyes.cat\/wp-content\/uploads\/2024\/03\/2723374-300x177.jpg 300w\" data-sizes=\"(max-width: 624px) 100vw, 624px\" src=\"data:image\/svg+xml;base64,PHN2ZyB3aWR0aD0iMSIgaGVpZ2h0PSIxIiB4bWxucz0iaHR0cDovL3d3dy53My5vcmcvMjAwMC9zdmciPjwvc3ZnPg==\" style=\"--smush-placeholder-width: 624px; --smush-placeholder-aspect-ratio: 624\/368;\" \/><\/a><figcaption class=\"wp-element-caption\">Enric Cardona, president del FC Barcelona la temporada 1923\/24, en la qual va haver-hi el Cop d&#8217;Estat de Primo de Rivera.<\/figcaption><\/figure>\n<\/div>\n\n\n<p><\/p>\n\n\n\n<h6 class=\"wp-block-heading\" id=\"h-peticio-de-dissolucio\"><strong>Petici\u00f3 de dissoluci\u00f3<\/strong><\/h6>\n\n\n\n<p>Tot va comen\u00e7ar a l\u2019Assemblea de l\u20191 de juliol de 1924, quan un grup de socis encap\u00e7alat per <strong>un tal senyor Escoda va carregar contra les penyes, demanant la dissoluci\u00f3 de totes elles<\/strong>.<\/p>\n\n\n\n<p><strong>Romuald Torres Capdevila<\/strong>, comptable del FC Barcelona en aquell moment sota una presid\u00e8ncia d\u2019<strong>Enric Cardona<\/strong> que ja acabava, donava una lli\u00e7\u00f3 magistral d\u2019orat\u00f2ria i, amb l\u2019excusa de la unitat de cara a les noces d\u2019argent del Club, se\u2019n sortia del tema molt h\u00e0bilment.<strong> Aquell dia, era nomenat president Joan Gamper per cinquena vegada.<\/strong><\/p>\n\n\n\n<p>L\u2019atac a les penyes del senyor Escoda no va tenir un efecte global immediat, per\u00f2 s\u00ed que dos mesos m\u00e9s tard, <strong>en una reuni\u00f3 de Junta Directiva de l\u20191 de setembre de 1924, es va requerir la pres\u00e8ncia d\u2019una d\u2019aquestes penyes per demanar-los la dissoluci\u00f3. <\/strong>Era la Penya Esportiva Esquerra. Qu\u00e8 va passar?<\/p>\n\n\n\n<h6 class=\"wp-block-heading\" id=\"h-l-arribada-de-la-dictadura\"><strong>L\u2019arribada de la dictadura<\/strong><\/h6>\n\n\n\n<p>Les conclusions finals que es poden extreure a priori semblen \u00f2bvies: \u201c<strong>Aparentment, la penya Esportiva Esquerra es va mostrar cr\u00edtica amb la directiva<\/strong>, o no va tenir una actitud en l\u00ednia amb els seus objectius inicials, fet pel qual la van obligar a dissoldre\u2019s\u201d. Una deducci\u00f3 massa senzilla que genera dubtes, i m\u00e9s si tenim en compte que gaireb\u00e9 un any i mig abans no va haver-hi cap problema amb la fundaci\u00f3 de la penya. Aquests dubtes augmenten quan ens adonem del <strong>canvi pol\u00edtic brusc que hi ha a l\u2019Estat Espanyol entre la creaci\u00f3 de la penya (abril de 1923) i la petici\u00f3 de dissoluci\u00f3 (setembre de 1924).<\/strong><\/p>\n\n\n\n<p>Acabada de comen\u00e7ar la <strong>dictadura de Primo de Rivera<\/strong>, el 13 de setembre de 1923, la directiva del FC\u202fBarcelona, encap\u00e7alada pel president <strong>Enric Cardona<\/strong>, demana en un comunicat<strong> \u201ccalma\u201d als socis blaugranes <\/strong>per tal que no entressin en provocacions, conscients de totes les sospites i malvolences que recaurien sobre el Club<strong>.<\/strong> Si hi afegim el fet que dos dies abans del cop d\u2019Estat, en la Diada de Catalunya, socis penyistes van tenir forts enfrontaments amb la policia que van acabar amb detinguts, les causes posteriors del <strong>rebuig a les penyes per part d\u2019alguns socis van prenent forma<\/strong>.<\/p>\n\n\n<div class=\"wp-block-image\">\n<figure class=\"aligncenter size-full\"><a href=\"https:\/\/confederaciopenyes.cat\/wp-content\/uploads\/2024\/03\/penya-esportiva-esquerraB.jpg\"><img decoding=\"async\" width=\"361\" height=\"351\" data-src=\"https:\/\/confederaciopenyes.cat\/wp-content\/uploads\/2024\/03\/penya-esportiva-esquerraB.jpg\" alt=\"\" class=\"wp-image-20596 lazyload\" data-srcset=\"https:\/\/confederaciopenyes.cat\/wp-content\/uploads\/2024\/03\/penya-esportiva-esquerraB.jpg 361w, https:\/\/confederaciopenyes.cat\/wp-content\/uploads\/2024\/03\/penya-esportiva-esquerraB-300x292.jpg 300w\" data-sizes=\"(max-width: 361px) 100vw, 361px\" src=\"data:image\/svg+xml;base64,PHN2ZyB3aWR0aD0iMSIgaGVpZ2h0PSIxIiB4bWxucz0iaHR0cDovL3d3dy53My5vcmcvMjAwMC9zdmciPjwvc3ZnPg==\" style=\"--smush-placeholder-width: 361px; --smush-placeholder-aspect-ratio: 361\/351;\" \/><\/a><figcaption class=\"wp-element-caption\">Pin amb l&#8217;escut de la Penya Esportiva Esquerra<\/figcaption><\/figure>\n<\/div>\n\n\n<p><\/p>\n\n\n\n<h6 class=\"wp-block-heading\" id=\"h-qui-era-el-senyor-escoda\"><strong>Qui era el senyor Escoda?<\/strong><\/h6>\n\n\n\n<p>Qui sap si en aquest espionatge tamb\u00e9 hi havia infiltracions dins de la massa social barcelonista. A la fi, tot queda per a l\u2019especulaci\u00f3, per\u00f2 tamb\u00e9 podr\u00edem parar-nos a pensar <strong>qui era i d\u2019on procedia aquell senyor Escoda que demanava la dissoluci\u00f3 de les penyes<\/strong>. Al llistat de socis de 1921 no hi figura cap Escoda, per tant<strong> hi ha la possibilitat que fos un dels socis nouvinguts un cop iniciada la Dictadura.<\/strong> De tota manera, sembla que a les autoritats no els va arribar a conv\u00e8ncer aquella excusa de que la penya tenia aquell nom perqu\u00e8 estava situada a \u201cl\u2019esquerra de l\u2019Eixample\u201d i el seu local social era el Bar Esquerra, al carrer Aribau.<\/p>\n\n\n\n<p>En unes investigacions posteriors, i mirant el llistat de partits del FC Barcelona al llarg de tota la seva hist\u00f2ria que ens ha proporcionat el periodista <strong>Antoni Closa<\/strong>, el tal <strong>senyor Escoda era el Delegat Federatiu d\u2019Esports a Catalunya durant aquells anys de Dictadura. <\/strong>Just quan plega del c\u00e0rrec, s\u2019organitza un partit amist\u00f3s el 29 de juny de 1929 en honor a ell, disputat a Reus entre l\u2019equip local i un segon equip del Bar\u00e7a. Era el mateix? Creiem que s\u00ed, donat que<strong> a les assemblees hi eren presents de forma molt activa delegats federatius i persones de confian\u00e7a dels r\u00e8gims dictatorials. <\/strong>A m\u00e9s, en cap cas l\u2019acta de l\u20191 de juliol de 1924 menciona que el senyor Escoda fos soci del club. M\u00e9s aviat creiem que, donat el to de la seva intervenci\u00f3, <strong>era una persona influent dins de les noves autoritats esportives.<\/strong> Ara b\u00e9, com hem dit abans, no deixa de ser una mera especulaci\u00f3 que, si ens la prenem com a hip\u00f2tesi, faria pensar que<strong> la Penya Esquerra feia por per la seva ideologia<\/strong>, i m\u00e9s quan estava tan a prop la celebraci\u00f3 de les <strong>noces d\u2019argent de l\u2019entitat<\/strong>.<\/p>\n\n\n\n<pre class=\"wp-block-preformatted\"><span style=\"text-decoration: underline;\">Cap\u00edtols anteriors<\/span>:\n\n<strong>1.<\/strong> <a href=\"https:\/\/confederaciopenyes.cat\/origen-concepte-penya-barca\/\" target=\"_blank\" rel=\"noreferrer noopener\">L'origen del concepte \"penya del Bar\u00e7a\"<\/a>\n<strong>2.<\/strong> <a href=\"https:\/\/confederaciopenyes.cat\/quarts-equips-nova-germanor-apatics\/\" target=\"_blank\" rel=\"noreferrer noopener\">Els quarts equips. Nova Germanor i Els Ap\u00e0tics<\/a>\n<strong>3.<\/strong> <a href=\"https:\/\/confederaciopenyes.cat\/penya-ardevol-primera-penya-radical\/\" target=\"_blank\" rel=\"noreferrer noopener\">Penya Ard\u00e8vol: la primera penya radical<\/a><\/pre>\n","protected":false},"excerpt":{"rendered":"<p>El misteri d\u2019aquesta penya ha arribat fins als nostres dies degut a la seva gran creaci\u00f3 i embranzida, per\u00f2 curta durada. Qu\u00e8 va passar? Inicialment, per tal de celebrar les noces d\u2019argent del Club, l\u2019abril de 1923 es va fundar la Penya Esportiva Esquerra, integrada nom\u00e9s per socis blaugranes \u201cd\u2019esperit independent\u201d. Any i mig despr\u00e9s, &#8230; <a title=\"\u00bfQu\u00e9 pas\u00f3 con la Penya Esportiva Esquerra?\" class=\"read-more\" href=\"https:\/\/confederaciopenyes.cat\/es\/que-paso-con-la-penya-esportiva-esquerra\/\" aria-label=\"Leer m\u00e1s sobre \u00bfQu\u00e9 pas\u00f3 con la Penya Esportiva Esquerra?\">Leer m\u00e1s<\/a><\/p>\n","protected":false},"author":4,"featured_media":0,"parent":0,"menu_order":0,"comment_status":"closed","ping_status":"closed","template":"","meta":{"_acf_changed":false,"footnotes":""},"class_list":["post-20608","page","type-page","status-publish"],"acf":[],"yoast_head":"<!-- This site is optimized with the Yoast SEO Premium plugin v26.7 (Yoast SEO v27.3) - https:\/\/yoast.com\/product\/yoast-seo-premium-wordpress\/ -->\n<title>\u00bfQu\u00e9 pas\u00f3 con la Penya Esportiva Esquerra? - Conf. M. Pe\u00f1as<\/title>\n<meta name=\"description\" content=\"La Penya Esportiva Esquerra se disolvi\u00f3 por motivos pol\u00edticos cuando faltaba poco tiempo para celebrar el 25\u00ba aniversario del FC Barcelona.\" \/>\n<meta name=\"robots\" content=\"index, follow, max-snippet:-1, max-image-preview:large, max-video-preview:-1\" \/>\n<link rel=\"canonical\" href=\"https:\/\/confederaciopenyes.cat\/es\/que-paso-con-la-penya-esportiva-esquerra\/\" \/>\n<meta property=\"og:locale\" content=\"es_ES\" \/>\n<meta property=\"og:type\" content=\"article\" \/>\n<meta property=\"og:title\" content=\"\u00bfQu\u00e9 pas\u00f3 con la Penya Esportiva Esquerra?\" \/>\n<meta property=\"og:description\" content=\"La Penya Esportiva Esquerra se disolvi\u00f3 por motivos pol\u00edticos cuando faltaba poco tiempo para celebrar el 25\u00ba aniversario del FC Barcelona.\" \/>\n<meta property=\"og:url\" content=\"https:\/\/confederaciopenyes.cat\/es\/que-paso-con-la-penya-esportiva-esquerra\/\" \/>\n<meta property=\"og:site_name\" content=\"Confederaci\u00f3 Mundial de Penyes del FC Barcelona\" \/>\n<meta property=\"article:publisher\" content=\"https:\/\/www.facebook.com\/ConfederacioMundialPenyesFCB\" \/>\n<meta property=\"article:modified_time\" content=\"2024-06-13T13:53:14+00:00\" \/>\n<meta property=\"og:image\" content=\"https:\/\/confederaciopenyes.cat\/wp-content\/uploads\/2024\/03\/2723374.jpg\" \/>\n<meta name=\"twitter:card\" content=\"summary_large_image\" \/>\n<meta name=\"twitter:site\" content=\"@ConfePenyesFCB\" \/>\n<meta name=\"twitter:label1\" content=\"Tiempo de lectura\" \/>\n\t<meta name=\"twitter:data1\" content=\"5 minutos\" \/>\n<script type=\"application\/ld+json\" class=\"yoast-schema-graph\">{\"@context\":\"https:\\\/\\\/schema.org\",\"@graph\":[{\"@type\":\"WebPage\",\"@id\":\"https:\\\/\\\/confederaciopenyes.cat\\\/es\\\/que-paso-con-la-penya-esportiva-esquerra\\\/\",\"url\":\"https:\\\/\\\/confederaciopenyes.cat\\\/es\\\/que-paso-con-la-penya-esportiva-esquerra\\\/\",\"name\":\"\u00bfQu\u00e9 pas\u00f3 con la Penya Esportiva Esquerra? - Conf. M. Pe\u00f1as\",\"isPartOf\":{\"@id\":\"https:\\\/\\\/confederaciopenyes.cat\\\/es\\\/#website\"},\"primaryImageOfPage\":{\"@id\":\"https:\\\/\\\/confederaciopenyes.cat\\\/es\\\/que-paso-con-la-penya-esportiva-esquerra\\\/#primaryimage\"},\"image\":{\"@id\":\"https:\\\/\\\/confederaciopenyes.cat\\\/es\\\/que-paso-con-la-penya-esportiva-esquerra\\\/#primaryimage\"},\"thumbnailUrl\":\"https:\\\/\\\/confederaciopenyes.cat\\\/wp-content\\\/uploads\\\/2024\\\/03\\\/2723374.jpg\",\"datePublished\":\"2024-03-21T10:34:59+00:00\",\"dateModified\":\"2024-06-13T13:53:14+00:00\",\"description\":\"La Penya Esportiva Esquerra se disolvi\u00f3 por motivos pol\u00edticos cuando faltaba poco tiempo para celebrar el 25\u00ba aniversario del FC Barcelona.\",\"breadcrumb\":{\"@id\":\"https:\\\/\\\/confederaciopenyes.cat\\\/es\\\/que-paso-con-la-penya-esportiva-esquerra\\\/#breadcrumb\"},\"inLanguage\":\"es\",\"potentialAction\":[{\"@type\":\"ReadAction\",\"target\":[\"https:\\\/\\\/confederaciopenyes.cat\\\/es\\\/que-paso-con-la-penya-esportiva-esquerra\\\/\"]}]},{\"@type\":\"ImageObject\",\"inLanguage\":\"es\",\"@id\":\"https:\\\/\\\/confederaciopenyes.cat\\\/es\\\/que-paso-con-la-penya-esportiva-esquerra\\\/#primaryimage\",\"url\":\"https:\\\/\\\/confederaciopenyes.cat\\\/wp-content\\\/uploads\\\/2024\\\/03\\\/2723374.jpg\",\"contentUrl\":\"https:\\\/\\\/confederaciopenyes.cat\\\/wp-content\\\/uploads\\\/2024\\\/03\\\/2723374.jpg\"},{\"@type\":\"BreadcrumbList\",\"@id\":\"https:\\\/\\\/confederaciopenyes.cat\\\/es\\\/que-paso-con-la-penya-esportiva-esquerra\\\/#breadcrumb\",\"itemListElement\":[{\"@type\":\"ListItem\",\"position\":1,\"name\":\"Portada\",\"item\":\"https:\\\/\\\/confederaciopenyes.cat\\\/es\\\/\"},{\"@type\":\"ListItem\",\"position\":2,\"name\":\"\u00bfQu\u00e9 pas\u00f3 con la Penya Esportiva Esquerra?\"}]},{\"@type\":\"WebSite\",\"@id\":\"https:\\\/\\\/confederaciopenyes.cat\\\/es\\\/#website\",\"url\":\"https:\\\/\\\/confederaciopenyes.cat\\\/es\\\/\",\"name\":\"Confederaci\u00f3 Mundial de Penyes del FC Barcelona\",\"description\":\"C.M. Penyes FC Barcelona\",\"publisher\":{\"@id\":\"https:\\\/\\\/confederaciopenyes.cat\\\/es\\\/#organization\"},\"alternateName\":\"CMP\",\"potentialAction\":[{\"@type\":\"SearchAction\",\"target\":{\"@type\":\"EntryPoint\",\"urlTemplate\":\"https:\\\/\\\/confederaciopenyes.cat\\\/es\\\/?s={search_term_string}\"},\"query-input\":{\"@type\":\"PropertyValueSpecification\",\"valueRequired\":true,\"valueName\":\"search_term_string\"}}],\"inLanguage\":\"es\"},{\"@type\":\"Organization\",\"@id\":\"https:\\\/\\\/confederaciopenyes.cat\\\/es\\\/#organization\",\"name\":\"Confederaci\u00f3 Mundial de Penyes del FC Barcelona\",\"alternateName\":\"C.M. Penyes FC Barcelona\",\"url\":\"https:\\\/\\\/confederaciopenyes.cat\\\/es\\\/\",\"logo\":{\"@type\":\"ImageObject\",\"inLanguage\":\"es\",\"@id\":\"https:\\\/\\\/confederaciopenyes.cat\\\/es\\\/#\\\/schema\\\/logo\\\/image\\\/\",\"url\":\"https:\\\/\\\/confederaciopenyes.cat\\\/wp-content\\\/uploads\\\/2023\\\/11\\\/Confederacio-Logo-scaled.jpg\",\"contentUrl\":\"https:\\\/\\\/confederaciopenyes.cat\\\/wp-content\\\/uploads\\\/2023\\\/11\\\/Confederacio-Logo-scaled.jpg\",\"width\":2560,\"height\":673,\"caption\":\"Confederaci\u00f3 Mundial de Penyes del FC Barcelona\"},\"image\":{\"@id\":\"https:\\\/\\\/confederaciopenyes.cat\\\/es\\\/#\\\/schema\\\/logo\\\/image\\\/\"},\"sameAs\":[\"https:\\\/\\\/www.facebook.com\\\/ConfederacioMundialPenyesFCB\",\"https:\\\/\\\/x.com\\\/ConfePenyesFCB\",\"https:\\\/\\\/www.instagram.com\\\/confepenyesfcb\\\/\"],\"publishingPrinciples\":\"https:\\\/\\\/confederaciopenyes.cat\\\/en\\\/mission-vision-and-values\\\/\",\"ownershipFundingInfo\":\"https:\\\/\\\/confederaciopenyes.cat\\\/en\\\/organization\\\/\",\"actionableFeedbackPolicy\":\"https:\\\/\\\/confederaciopenyes.cat\\\/en\\\/legal-notice\\\/\"}]}<\/script>\n<!-- \/ Yoast SEO Premium plugin. -->","yoast_head_json":{"title":"\u00bfQu\u00e9 pas\u00f3 con la Penya Esportiva Esquerra? - Conf. M. Pe\u00f1as","description":"La Penya Esportiva Esquerra se disolvi\u00f3 por motivos pol\u00edticos cuando faltaba poco tiempo para celebrar el 25\u00ba aniversario del FC Barcelona.","robots":{"index":"index","follow":"follow","max-snippet":"max-snippet:-1","max-image-preview":"max-image-preview:large","max-video-preview":"max-video-preview:-1"},"canonical":"https:\/\/confederaciopenyes.cat\/es\/que-paso-con-la-penya-esportiva-esquerra\/","og_locale":"es_ES","og_type":"article","og_title":"\u00bfQu\u00e9 pas\u00f3 con la Penya Esportiva Esquerra?","og_description":"La Penya Esportiva Esquerra se disolvi\u00f3 por motivos pol\u00edticos cuando faltaba poco tiempo para celebrar el 25\u00ba aniversario del FC Barcelona.","og_url":"https:\/\/confederaciopenyes.cat\/es\/que-paso-con-la-penya-esportiva-esquerra\/","og_site_name":"Confederaci\u00f3 Mundial de Penyes del FC Barcelona","article_publisher":"https:\/\/www.facebook.com\/ConfederacioMundialPenyesFCB","article_modified_time":"2024-06-13T13:53:14+00:00","og_image":[{"url":"https:\/\/confederaciopenyes.cat\/wp-content\/uploads\/2024\/03\/2723374.jpg","type":"","width":"","height":""}],"twitter_card":"summary_large_image","twitter_site":"@ConfePenyesFCB","twitter_misc":{"Tiempo de lectura":"5 minutos"},"schema":{"@context":"https:\/\/schema.org","@graph":[{"@type":"WebPage","@id":"https:\/\/confederaciopenyes.cat\/es\/que-paso-con-la-penya-esportiva-esquerra\/","url":"https:\/\/confederaciopenyes.cat\/es\/que-paso-con-la-penya-esportiva-esquerra\/","name":"\u00bfQu\u00e9 pas\u00f3 con la Penya Esportiva Esquerra? - Conf. M. Pe\u00f1as","isPartOf":{"@id":"https:\/\/confederaciopenyes.cat\/es\/#website"},"primaryImageOfPage":{"@id":"https:\/\/confederaciopenyes.cat\/es\/que-paso-con-la-penya-esportiva-esquerra\/#primaryimage"},"image":{"@id":"https:\/\/confederaciopenyes.cat\/es\/que-paso-con-la-penya-esportiva-esquerra\/#primaryimage"},"thumbnailUrl":"https:\/\/confederaciopenyes.cat\/wp-content\/uploads\/2024\/03\/2723374.jpg","datePublished":"2024-03-21T10:34:59+00:00","dateModified":"2024-06-13T13:53:14+00:00","description":"La Penya Esportiva Esquerra se disolvi\u00f3 por motivos pol\u00edticos cuando faltaba poco tiempo para celebrar el 25\u00ba aniversario del FC Barcelona.","breadcrumb":{"@id":"https:\/\/confederaciopenyes.cat\/es\/que-paso-con-la-penya-esportiva-esquerra\/#breadcrumb"},"inLanguage":"es","potentialAction":[{"@type":"ReadAction","target":["https:\/\/confederaciopenyes.cat\/es\/que-paso-con-la-penya-esportiva-esquerra\/"]}]},{"@type":"ImageObject","inLanguage":"es","@id":"https:\/\/confederaciopenyes.cat\/es\/que-paso-con-la-penya-esportiva-esquerra\/#primaryimage","url":"https:\/\/confederaciopenyes.cat\/wp-content\/uploads\/2024\/03\/2723374.jpg","contentUrl":"https:\/\/confederaciopenyes.cat\/wp-content\/uploads\/2024\/03\/2723374.jpg"},{"@type":"BreadcrumbList","@id":"https:\/\/confederaciopenyes.cat\/es\/que-paso-con-la-penya-esportiva-esquerra\/#breadcrumb","itemListElement":[{"@type":"ListItem","position":1,"name":"Portada","item":"https:\/\/confederaciopenyes.cat\/es\/"},{"@type":"ListItem","position":2,"name":"\u00bfQu\u00e9 pas\u00f3 con la Penya Esportiva Esquerra?"}]},{"@type":"WebSite","@id":"https:\/\/confederaciopenyes.cat\/es\/#website","url":"https:\/\/confederaciopenyes.cat\/es\/","name":"Confederaci\u00f3 Mundial de Penyes del FC Barcelona","description":"C.M. Penyes FC Barcelona","publisher":{"@id":"https:\/\/confederaciopenyes.cat\/es\/#organization"},"alternateName":"CMP","potentialAction":[{"@type":"SearchAction","target":{"@type":"EntryPoint","urlTemplate":"https:\/\/confederaciopenyes.cat\/es\/?s={search_term_string}"},"query-input":{"@type":"PropertyValueSpecification","valueRequired":true,"valueName":"search_term_string"}}],"inLanguage":"es"},{"@type":"Organization","@id":"https:\/\/confederaciopenyes.cat\/es\/#organization","name":"Confederaci\u00f3 Mundial de Penyes del FC Barcelona","alternateName":"C.M. Penyes FC Barcelona","url":"https:\/\/confederaciopenyes.cat\/es\/","logo":{"@type":"ImageObject","inLanguage":"es","@id":"https:\/\/confederaciopenyes.cat\/es\/#\/schema\/logo\/image\/","url":"https:\/\/confederaciopenyes.cat\/wp-content\/uploads\/2023\/11\/Confederacio-Logo-scaled.jpg","contentUrl":"https:\/\/confederaciopenyes.cat\/wp-content\/uploads\/2023\/11\/Confederacio-Logo-scaled.jpg","width":2560,"height":673,"caption":"Confederaci\u00f3 Mundial de Penyes del FC Barcelona"},"image":{"@id":"https:\/\/confederaciopenyes.cat\/es\/#\/schema\/logo\/image\/"},"sameAs":["https:\/\/www.facebook.com\/ConfederacioMundialPenyesFCB","https:\/\/x.com\/ConfePenyesFCB","https:\/\/www.instagram.com\/confepenyesfcb\/"],"publishingPrinciples":"https:\/\/confederaciopenyes.cat\/en\/mission-vision-and-values\/","ownershipFundingInfo":"https:\/\/confederaciopenyes.cat\/en\/organization\/","actionableFeedbackPolicy":"https:\/\/confederaciopenyes.cat\/en\/legal-notice\/"}]}},"_links":{"self":[{"href":"https:\/\/confederaciopenyes.cat\/es\/wp-json\/wp\/v2\/pages\/20608","targetHints":{"allow":["GET"]}}],"collection":[{"href":"https:\/\/confederaciopenyes.cat\/es\/wp-json\/wp\/v2\/pages"}],"about":[{"href":"https:\/\/confederaciopenyes.cat\/es\/wp-json\/wp\/v2\/types\/page"}],"author":[{"embeddable":true,"href":"https:\/\/confederaciopenyes.cat\/es\/wp-json\/wp\/v2\/users\/4"}],"replies":[{"embeddable":true,"href":"https:\/\/confederaciopenyes.cat\/es\/wp-json\/wp\/v2\/comments?post=20608"}],"version-history":[{"count":4,"href":"https:\/\/confederaciopenyes.cat\/es\/wp-json\/wp\/v2\/pages\/20608\/revisions"}],"predecessor-version":[{"id":23484,"href":"https:\/\/confederaciopenyes.cat\/es\/wp-json\/wp\/v2\/pages\/20608\/revisions\/23484"}],"wp:attachment":[{"href":"https:\/\/confederaciopenyes.cat\/es\/wp-json\/wp\/v2\/media?parent=20608"}],"curies":[{"name":"wp","href":"https:\/\/api.w.org\/{rel}","templated":true}]}}