{"id":21393,"date":"2024-04-16T13:29:28","date_gmt":"2024-04-16T11:29:28","guid":{"rendered":"https:\/\/confederaciopenyes.cat\/aquella-final-del-campeonato-de-espana-de-1926\/"},"modified":"2024-06-13T16:37:49","modified_gmt":"2024-06-13T14:37:49","slug":"aquella-final-del-campeonato-de-espana-de-1926","status":"publish","type":"page","link":"https:\/\/confederaciopenyes.cat\/es\/aquella-final-del-campeonato-de-espana-de-1926\/","title":{"rendered":"Aquella final del Campeonato de Espa\u00f1a de 1926"},"content":{"rendered":"\n<p>La <strong>final del Campeonato de Espa\u00f1a, celebrada el 16 de mayo de 1926<\/strong>, signific\u00f3 mucho en la evoluci\u00f3n del mundo de las pe\u00f1as y en la euforia colectiva del barcelonismo en general.<\/p>\n\n<p>Habr\u00eda que recordar que el Campeonato de Espa\u00f1a, actualmente Copa del Rey (la Liga a\u00fan tardar\u00eda tres a\u00f1os en aparecer) <strong>lo disputaban los primeros clasificados de los diferentes campeonatos regionales<\/strong>. La implantaci\u00f3n oficial del profesionalismo, tambi\u00e9n en 1926, signific\u00f3 la queja de muchos clubes que ya reivindicaban el poder <strong>enfrentarse en un campeonato global a los mejores equipos de Espa\u00f1a<\/strong>, sin depender de la clasificaci\u00f3n previa del campeonato dom\u00e9stico. Los clubes ten\u00edan la obligaci\u00f3n de pagar sueldos importantes a los jugadores y exig\u00edan tambi\u00e9n un campeonato donde los ingresos fueran superiores.<\/p>\n\n<h6 class=\"wp-block-heading\" id=\"h-recorregut-impecable-fins-la-final\"><strong>Recorrido impecable hasta la final<\/strong><\/h6>\n\n<p>Aquel campeonato de Espa\u00f1a se presentaba bastante competido: <strong>se bati\u00f3 el r\u00e9cord de participaci\u00f3n con un total de 24 equipos<\/strong>, con el concurso de los dos primeros clasificados de cada Liga. El reparto era de <strong>ocho grupos de tres equipos<\/strong>, de los cuales solo se clasificaba uno. En el caso del FC Barcelona, qued\u00f3 agrupado con el Zaragoza y el Levante. <strong>Samitier y sus compa\u00f1eros de la Edad de Oro ganaron todos los partidos disputados<\/strong>.<\/p>\n\n<p>En <strong>cuartos de final, los esperaba el Real Madrid<\/strong>, pero cuando aquel enorme Bar\u00e7a de los a\u00f1os 20 se pon\u00eda las pilas, no ten\u00eda rival: <strong>1-5 en Chamart\u00edn y 3-0 en Les Corts<\/strong>. En las semifinales, <strong>se super\u00f3 a partido \u00fanico al potente equipo vasco del Real Uni\u00f3n de Ir\u00fan por 2-1<\/strong>. La final, que se disputar\u00eda en <strong>Valencia<\/strong>, se presentaba bastante igualada contra un <strong>Atl\u00e9tico de Madrid<\/strong> que ven\u00eda de una dura semifinal contra el RCD Espanyol.<\/p>\n\n<p>Aquel d\u00eda, en Mestalla, se dio un <strong>fen\u00f3meno \u00fanico hasta entonces<\/strong> y que ha perdurado hasta nuestros d\u00edas: <strong>una gran expedici\u00f3n de socios y pe\u00f1as que viajar\u00edan en ferrocarril desde Barcelona a Valencia<\/strong>. Y a buen seguro que el apoyo de todos estos cientos de pe\u00f1istas hizo sentir a los jugadores del Bar\u00e7a como en casa. A pesar de que <strong>los 90 minutos acabaron con empate a dos goles<\/strong>, conseguidos por Samitier y Just, el t\u00edtulo se decidir\u00eda en la pr\u00f3rroga con la intervenci\u00f3n de un veterano que a\u00fan conservaba el olfato de gol: <strong>Paulino Alc\u00e1ntara<\/strong>. El resultado definitivo fue de <strong>3-2<\/strong> y <strong>el preciado trofeo viaj\u00f3 hacia Barcelona<\/strong>.<\/p>\n<div class=\"wp-block-image is-style-default\">\n<figure class=\"aligncenter size-large is-resized\"><a href=\"https:\/\/confederaciopenyes.cat\/?attachment_id=21382#main\"><img decoding=\"async\" width=\"1024\" height=\"652\" data-src=\"https:\/\/confederaciopenyes.cat\/wp-content\/uploads\/2024\/04\/Foto-21-TREN-AFECCIONATS-FINAL-COPA-1926-1024x652.jpg\" alt=\"\" class=\"wp-image-21382 lazyload\" style=\"--smush-placeholder-width: 1024px; --smush-placeholder-aspect-ratio: 1024\/652;width:584px;height:auto\" data-srcset=\"https:\/\/confederaciopenyes.cat\/wp-content\/uploads\/2024\/04\/Foto-21-TREN-AFECCIONATS-FINAL-COPA-1926-1024x652.jpg 1024w, https:\/\/confederaciopenyes.cat\/wp-content\/uploads\/2024\/04\/Foto-21-TREN-AFECCIONATS-FINAL-COPA-1926-300x191.jpg 300w, https:\/\/confederaciopenyes.cat\/wp-content\/uploads\/2024\/04\/Foto-21-TREN-AFECCIONATS-FINAL-COPA-1926-768x489.jpg 768w, https:\/\/confederaciopenyes.cat\/wp-content\/uploads\/2024\/04\/Foto-21-TREN-AFECCIONATS-FINAL-COPA-1926-1536x977.jpg 1536w, https:\/\/confederaciopenyes.cat\/wp-content\/uploads\/2024\/04\/Foto-21-TREN-AFECCIONATS-FINAL-COPA-1926-2048x1303.jpg 2048w\" data-sizes=\"(max-width: 1024px) 100vw, 1024px\" src=\"data:image\/svg+xml;base64,PHN2ZyB3aWR0aD0iMSIgaGVpZ2h0PSIxIiB4bWxucz0iaHR0cDovL3d3dy53My5vcmcvMjAwMC9zdmciPjwvc3ZnPg==\" \/><\/a><figcaption class=\"wp-element-caption\">Tren con los aficionados cul\u00e9s hacia la Final del Campeonato en 1926<\/figcaption><\/figure>\n<\/div>\n<p><\/p>\n\n<h6 class=\"wp-block-heading\" id=\"h-un-impuls-per-a-les-penyes\"><strong>Un impulso para las pe\u00f1as<\/strong><\/h6>\n\n<p>Precisamente, <strong>despu\u00e9s de aquel desplazamiento el aumento de la actividad pe\u00f1\u00edstica se hizo m\u00e1s activo los a\u00f1os posteriores<\/strong>. Y una de estas pe\u00f1as que evolucionaron bastante aquel a\u00f1o fue la <strong>Penya Ben Fets<\/strong>, que ya el 5 de febrero organizaba en el Hotel Col\u00f3n de Barcelona <strong>una gran comida en honor a la figura del momento, Josep Samitier<\/strong>. \u201cEl hombre Langosta\u201d o \u201cEl mago de la pelota\u201d era un entusiasta de las pe\u00f1as, y no se lo quiso perder.<\/p>\n\n<p>Est\u00e1 claro que <strong>la naturalidad con que los jugadores viv\u00edan esta condici\u00f3n de ser parte del Club los llevaba a participar en actos como estos y muchos otros<\/strong>, organizados por las decenas de pe\u00f1as que ten\u00eda ya el FC Barcelona. La m\u00e1xima figura y otros miembros de la plantilla compart\u00edan comidas, cenas y tertulias con la gente que los quer\u00eda, como si fuera la cosa m\u00e1s normal del mundo. Igual que hoy en d\u00eda&#8230;<\/p>\n<div class=\"wp-block-image is-style-default\">\n<figure class=\"aligncenter size-large is-resized\"><a href=\"https:\/\/confederaciopenyes.cat\/?attachment_id=21385#main\"><img decoding=\"async\" width=\"1024\" height=\"651\" data-src=\"https:\/\/confederaciopenyes.cat\/wp-content\/uploads\/2024\/04\/Foto-22-REBUDA-ALS-CAMPIONS-DESPANYA-DEL-1926-1024x651.jpg\" alt=\"\" class=\"wp-image-21385 lazyload\" style=\"--smush-placeholder-width: 1024px; --smush-placeholder-aspect-ratio: 1024\/651;width:562px;height:auto\" data-srcset=\"https:\/\/confederaciopenyes.cat\/wp-content\/uploads\/2024\/04\/Foto-22-REBUDA-ALS-CAMPIONS-DESPANYA-DEL-1926-1024x651.jpg 1024w, https:\/\/confederaciopenyes.cat\/wp-content\/uploads\/2024\/04\/Foto-22-REBUDA-ALS-CAMPIONS-DESPANYA-DEL-1926-300x191.jpg 300w, https:\/\/confederaciopenyes.cat\/wp-content\/uploads\/2024\/04\/Foto-22-REBUDA-ALS-CAMPIONS-DESPANYA-DEL-1926-768x489.jpg 768w, https:\/\/confederaciopenyes.cat\/wp-content\/uploads\/2024\/04\/Foto-22-REBUDA-ALS-CAMPIONS-DESPANYA-DEL-1926-1536x977.jpg 1536w, https:\/\/confederaciopenyes.cat\/wp-content\/uploads\/2024\/04\/Foto-22-REBUDA-ALS-CAMPIONS-DESPANYA-DEL-1926-2048x1303.jpg 2048w\" data-sizes=\"(max-width: 1024px) 100vw, 1024px\" src=\"data:image\/svg+xml;base64,PHN2ZyB3aWR0aD0iMSIgaGVpZ2h0PSIxIiB4bWxucz0iaHR0cDovL3d3dy53My5vcmcvMjAwMC9zdmciPjwvc3ZnPg==\" \/><\/a><figcaption class=\"wp-element-caption\">Recibimento a los Campeones de Espa\u00f1a de 1926<\/figcaption><\/figure>\n<\/div>\n<pre class=\"wp-block-preformatted\"><span style=\"text-decoration: underline;\">Cap\u00edtulos anteriores<\/span>:<br\/><br\/>1. <a href=\"https:\/\/confederaciopenyes.cat\/es\/origen-concepto-pena-barca\/\" target=\"_blank\" rel=\"noreferrer noopener\">El or\u00edgen del concepto \"pe\u00f1a del Bar\u00e7a\"<\/a><br\/>2.  <a href=\"https:\/\/confederaciopenyes.cat\/es\/cuartos-equipos-nova-germanor-els-apatics\/\" target=\"_blank\" rel=\"noreferrer noopener\">Los cuartos equipos. Nova Germanor y Els Ap\u00e0tics<\/a><br\/>3. <a href=\"https:\/\/confederaciopenyes.cat\/es\/penya-ardevol-la-primera-pena-radical\/\" target=\"_blank\" rel=\"noreferrer noopener\">Penya Ard\u00e8vol: la primera pe\u00f1a radical<\/a><br\/>4. <a href=\"https:\/\/confederaciopenyes.cat\/es\/que-paso-con-la-penya-esportiva-esquerra\/\" target=\"_blank\" rel=\"noreferrer noopener\">\u00bfQu\u00e9 pas\u00f3 con la Penya Esportiva Esquerra?<\/a><br\/>5. <a href=\"https:\/\/confederaciopenyes.cat\/es\/la-copa-de-mayo-de-1925-preambulo-de-la-suspension-del-club\/\" target=\"_blank\" rel=\"noreferrer noopener\">La Copa de mayo de 1925: pre\u00e1mbulo de la suspensi\u00f3n del Club<\/a><\/pre>\n","protected":false},"excerpt":{"rendered":"<p>La final del Campeonato de Espa\u00f1a, celebrada el 16 de mayo de 1926, signific\u00f3 mucho en la evoluci\u00f3n del mundo de las pe\u00f1as y en la euforia colectiva del barcelonismo en general. Habr\u00eda que recordar que el Campeonato de Espa\u00f1a, actualmente Copa del Rey (la Liga a\u00fan tardar\u00eda tres a\u00f1os en aparecer) lo disputaban los &#8230; <a title=\"Aquella final del Campeonato de Espa\u00f1a de 1926\" class=\"read-more\" href=\"https:\/\/confederaciopenyes.cat\/es\/aquella-final-del-campeonato-de-espana-de-1926\/\" aria-label=\"Leer m\u00e1s sobre Aquella final del Campeonato de Espa\u00f1a de 1926\">Leer m\u00e1s<\/a><\/p>\n","protected":false},"author":4,"featured_media":0,"parent":0,"menu_order":0,"comment_status":"closed","ping_status":"closed","template":"","meta":{"_acf_changed":false,"footnotes":""},"class_list":["post-21393","page","type-page","status-publish"],"acf":[],"yoast_head":"<!-- This site is optimized with the Yoast SEO Premium plugin v26.7 (Yoast SEO v27.3) - https:\/\/yoast.com\/product\/yoast-seo-premium-wordpress\/ -->\n<title>Aquella final del Campeonato de Espa\u00f1a de 1926 - Conf. M. Pe\u00f1as<\/title>\n<meta name=\"description\" content=\"La final del Campeonato de Espa\u00f1a ganada en Valencia en 1926 supuso el primer gran desplazamiento de pe\u00f1as y aficionados del FC Barcelona.\" \/>\n<meta name=\"robots\" content=\"index, follow, max-snippet:-1, max-image-preview:large, max-video-preview:-1\" \/>\n<link rel=\"canonical\" href=\"https:\/\/confederaciopenyes.cat\/es\/aquella-final-del-campeonato-de-espana-de-1926\/\" \/>\n<meta property=\"og:locale\" content=\"es_ES\" \/>\n<meta property=\"og:type\" content=\"article\" \/>\n<meta property=\"og:title\" content=\"Aquella final del Campeonato de Espa\u00f1a de 1926\" \/>\n<meta property=\"og:description\" content=\"La final del Campeonato de Espa\u00f1a ganada en Valencia en 1926 supuso el primer gran desplazamiento de pe\u00f1as y aficionados del FC Barcelona.\" \/>\n<meta property=\"og:url\" content=\"https:\/\/confederaciopenyes.cat\/es\/aquella-final-del-campeonato-de-espana-de-1926\/\" \/>\n<meta property=\"og:site_name\" content=\"Confederaci\u00f3 Mundial de Penyes del FC Barcelona\" \/>\n<meta property=\"article:publisher\" content=\"https:\/\/www.facebook.com\/ConfederacioMundialPenyesFCB\" \/>\n<meta property=\"article:modified_time\" content=\"2024-06-13T14:37:49+00:00\" \/>\n<meta property=\"og:image\" content=\"https:\/\/confederaciopenyes.cat\/wp-content\/uploads\/2024\/04\/Foto-21-TREN-AFECCIONATS-FINAL-COPA-1926-1024x652.jpg\" \/>\n<meta name=\"twitter:card\" content=\"summary_large_image\" \/>\n<meta name=\"twitter:site\" content=\"@ConfePenyesFCB\" \/>\n<meta name=\"twitter:label1\" content=\"Tiempo de lectura\" \/>\n\t<meta name=\"twitter:data1\" content=\"4 minutos\" \/>\n<script type=\"application\/ld+json\" class=\"yoast-schema-graph\">{\"@context\":\"https:\\\/\\\/schema.org\",\"@graph\":[{\"@type\":\"WebPage\",\"@id\":\"https:\\\/\\\/confederaciopenyes.cat\\\/es\\\/aquella-final-del-campeonato-de-espana-de-1926\\\/\",\"url\":\"https:\\\/\\\/confederaciopenyes.cat\\\/es\\\/aquella-final-del-campeonato-de-espana-de-1926\\\/\",\"name\":\"Aquella final del Campeonato de Espa\u00f1a de 1926 - Conf. M. Pe\u00f1as\",\"isPartOf\":{\"@id\":\"https:\\\/\\\/confederaciopenyes.cat\\\/es\\\/#website\"},\"primaryImageOfPage\":{\"@id\":\"https:\\\/\\\/confederaciopenyes.cat\\\/es\\\/aquella-final-del-campeonato-de-espana-de-1926\\\/#primaryimage\"},\"image\":{\"@id\":\"https:\\\/\\\/confederaciopenyes.cat\\\/es\\\/aquella-final-del-campeonato-de-espana-de-1926\\\/#primaryimage\"},\"thumbnailUrl\":\"https:\\\/\\\/confederaciopenyes.cat\\\/wp-content\\\/uploads\\\/2024\\\/04\\\/Foto-21-TREN-AFECCIONATS-FINAL-COPA-1926-1024x652.jpg\",\"datePublished\":\"2024-04-16T11:29:28+00:00\",\"dateModified\":\"2024-06-13T14:37:49+00:00\",\"description\":\"La final del Campeonato de Espa\u00f1a ganada en Valencia en 1926 supuso el primer gran desplazamiento de pe\u00f1as y aficionados del FC Barcelona.\",\"breadcrumb\":{\"@id\":\"https:\\\/\\\/confederaciopenyes.cat\\\/es\\\/aquella-final-del-campeonato-de-espana-de-1926\\\/#breadcrumb\"},\"inLanguage\":\"es\",\"potentialAction\":[{\"@type\":\"ReadAction\",\"target\":[\"https:\\\/\\\/confederaciopenyes.cat\\\/es\\\/aquella-final-del-campeonato-de-espana-de-1926\\\/\"]}]},{\"@type\":\"ImageObject\",\"inLanguage\":\"es\",\"@id\":\"https:\\\/\\\/confederaciopenyes.cat\\\/es\\\/aquella-final-del-campeonato-de-espana-de-1926\\\/#primaryimage\",\"url\":\"https:\\\/\\\/confederaciopenyes.cat\\\/wp-content\\\/uploads\\\/2024\\\/04\\\/Foto-21-TREN-AFECCIONATS-FINAL-COPA-1926-1024x652.jpg\",\"contentUrl\":\"https:\\\/\\\/confederaciopenyes.cat\\\/wp-content\\\/uploads\\\/2024\\\/04\\\/Foto-21-TREN-AFECCIONATS-FINAL-COPA-1926-1024x652.jpg\"},{\"@type\":\"BreadcrumbList\",\"@id\":\"https:\\\/\\\/confederaciopenyes.cat\\\/es\\\/aquella-final-del-campeonato-de-espana-de-1926\\\/#breadcrumb\",\"itemListElement\":[{\"@type\":\"ListItem\",\"position\":1,\"name\":\"Portada\",\"item\":\"https:\\\/\\\/confederaciopenyes.cat\\\/es\\\/\"},{\"@type\":\"ListItem\",\"position\":2,\"name\":\"Aquella final del Campeonato de Espa\u00f1a de 1926\"}]},{\"@type\":\"WebSite\",\"@id\":\"https:\\\/\\\/confederaciopenyes.cat\\\/es\\\/#website\",\"url\":\"https:\\\/\\\/confederaciopenyes.cat\\\/es\\\/\",\"name\":\"Confederaci\u00f3 Mundial de Penyes del FC Barcelona\",\"description\":\"C.M. Penyes FC Barcelona\",\"publisher\":{\"@id\":\"https:\\\/\\\/confederaciopenyes.cat\\\/es\\\/#organization\"},\"alternateName\":\"CMP\",\"potentialAction\":[{\"@type\":\"SearchAction\",\"target\":{\"@type\":\"EntryPoint\",\"urlTemplate\":\"https:\\\/\\\/confederaciopenyes.cat\\\/es\\\/?s={search_term_string}\"},\"query-input\":{\"@type\":\"PropertyValueSpecification\",\"valueRequired\":true,\"valueName\":\"search_term_string\"}}],\"inLanguage\":\"es\"},{\"@type\":\"Organization\",\"@id\":\"https:\\\/\\\/confederaciopenyes.cat\\\/es\\\/#organization\",\"name\":\"Confederaci\u00f3 Mundial de Penyes del FC Barcelona\",\"alternateName\":\"C.M. Penyes FC Barcelona\",\"url\":\"https:\\\/\\\/confederaciopenyes.cat\\\/es\\\/\",\"logo\":{\"@type\":\"ImageObject\",\"inLanguage\":\"es\",\"@id\":\"https:\\\/\\\/confederaciopenyes.cat\\\/es\\\/#\\\/schema\\\/logo\\\/image\\\/\",\"url\":\"https:\\\/\\\/confederaciopenyes.cat\\\/wp-content\\\/uploads\\\/2023\\\/11\\\/Confederacio-Logo-scaled.jpg\",\"contentUrl\":\"https:\\\/\\\/confederaciopenyes.cat\\\/wp-content\\\/uploads\\\/2023\\\/11\\\/Confederacio-Logo-scaled.jpg\",\"width\":2560,\"height\":673,\"caption\":\"Confederaci\u00f3 Mundial de Penyes del FC Barcelona\"},\"image\":{\"@id\":\"https:\\\/\\\/confederaciopenyes.cat\\\/es\\\/#\\\/schema\\\/logo\\\/image\\\/\"},\"sameAs\":[\"https:\\\/\\\/www.facebook.com\\\/ConfederacioMundialPenyesFCB\",\"https:\\\/\\\/x.com\\\/ConfePenyesFCB\",\"https:\\\/\\\/www.instagram.com\\\/confepenyesfcb\\\/\"],\"publishingPrinciples\":\"https:\\\/\\\/confederaciopenyes.cat\\\/en\\\/mission-vision-and-values\\\/\",\"ownershipFundingInfo\":\"https:\\\/\\\/confederaciopenyes.cat\\\/en\\\/organization\\\/\",\"actionableFeedbackPolicy\":\"https:\\\/\\\/confederaciopenyes.cat\\\/en\\\/legal-notice\\\/\"}]}<\/script>\n<!-- \/ Yoast SEO Premium plugin. -->","yoast_head_json":{"title":"Aquella final del Campeonato de Espa\u00f1a de 1926 - Conf. M. Pe\u00f1as","description":"La final del Campeonato de Espa\u00f1a ganada en Valencia en 1926 supuso el primer gran desplazamiento de pe\u00f1as y aficionados del FC Barcelona.","robots":{"index":"index","follow":"follow","max-snippet":"max-snippet:-1","max-image-preview":"max-image-preview:large","max-video-preview":"max-video-preview:-1"},"canonical":"https:\/\/confederaciopenyes.cat\/es\/aquella-final-del-campeonato-de-espana-de-1926\/","og_locale":"es_ES","og_type":"article","og_title":"Aquella final del Campeonato de Espa\u00f1a de 1926","og_description":"La final del Campeonato de Espa\u00f1a ganada en Valencia en 1926 supuso el primer gran desplazamiento de pe\u00f1as y aficionados del FC Barcelona.","og_url":"https:\/\/confederaciopenyes.cat\/es\/aquella-final-del-campeonato-de-espana-de-1926\/","og_site_name":"Confederaci\u00f3 Mundial de Penyes del FC Barcelona","article_publisher":"https:\/\/www.facebook.com\/ConfederacioMundialPenyesFCB","article_modified_time":"2024-06-13T14:37:49+00:00","og_image":[{"url":"https:\/\/confederaciopenyes.cat\/wp-content\/uploads\/2024\/04\/Foto-21-TREN-AFECCIONATS-FINAL-COPA-1926-1024x652.jpg","type":"","width":"","height":""}],"twitter_card":"summary_large_image","twitter_site":"@ConfePenyesFCB","twitter_misc":{"Tiempo de lectura":"4 minutos"},"schema":{"@context":"https:\/\/schema.org","@graph":[{"@type":"WebPage","@id":"https:\/\/confederaciopenyes.cat\/es\/aquella-final-del-campeonato-de-espana-de-1926\/","url":"https:\/\/confederaciopenyes.cat\/es\/aquella-final-del-campeonato-de-espana-de-1926\/","name":"Aquella final del Campeonato de Espa\u00f1a de 1926 - Conf. M. Pe\u00f1as","isPartOf":{"@id":"https:\/\/confederaciopenyes.cat\/es\/#website"},"primaryImageOfPage":{"@id":"https:\/\/confederaciopenyes.cat\/es\/aquella-final-del-campeonato-de-espana-de-1926\/#primaryimage"},"image":{"@id":"https:\/\/confederaciopenyes.cat\/es\/aquella-final-del-campeonato-de-espana-de-1926\/#primaryimage"},"thumbnailUrl":"https:\/\/confederaciopenyes.cat\/wp-content\/uploads\/2024\/04\/Foto-21-TREN-AFECCIONATS-FINAL-COPA-1926-1024x652.jpg","datePublished":"2024-04-16T11:29:28+00:00","dateModified":"2024-06-13T14:37:49+00:00","description":"La final del Campeonato de Espa\u00f1a ganada en Valencia en 1926 supuso el primer gran desplazamiento de pe\u00f1as y aficionados del FC Barcelona.","breadcrumb":{"@id":"https:\/\/confederaciopenyes.cat\/es\/aquella-final-del-campeonato-de-espana-de-1926\/#breadcrumb"},"inLanguage":"es","potentialAction":[{"@type":"ReadAction","target":["https:\/\/confederaciopenyes.cat\/es\/aquella-final-del-campeonato-de-espana-de-1926\/"]}]},{"@type":"ImageObject","inLanguage":"es","@id":"https:\/\/confederaciopenyes.cat\/es\/aquella-final-del-campeonato-de-espana-de-1926\/#primaryimage","url":"https:\/\/confederaciopenyes.cat\/wp-content\/uploads\/2024\/04\/Foto-21-TREN-AFECCIONATS-FINAL-COPA-1926-1024x652.jpg","contentUrl":"https:\/\/confederaciopenyes.cat\/wp-content\/uploads\/2024\/04\/Foto-21-TREN-AFECCIONATS-FINAL-COPA-1926-1024x652.jpg"},{"@type":"BreadcrumbList","@id":"https:\/\/confederaciopenyes.cat\/es\/aquella-final-del-campeonato-de-espana-de-1926\/#breadcrumb","itemListElement":[{"@type":"ListItem","position":1,"name":"Portada","item":"https:\/\/confederaciopenyes.cat\/es\/"},{"@type":"ListItem","position":2,"name":"Aquella final del Campeonato de Espa\u00f1a de 1926"}]},{"@type":"WebSite","@id":"https:\/\/confederaciopenyes.cat\/es\/#website","url":"https:\/\/confederaciopenyes.cat\/es\/","name":"Confederaci\u00f3 Mundial de Penyes del FC Barcelona","description":"C.M. Penyes FC Barcelona","publisher":{"@id":"https:\/\/confederaciopenyes.cat\/es\/#organization"},"alternateName":"CMP","potentialAction":[{"@type":"SearchAction","target":{"@type":"EntryPoint","urlTemplate":"https:\/\/confederaciopenyes.cat\/es\/?s={search_term_string}"},"query-input":{"@type":"PropertyValueSpecification","valueRequired":true,"valueName":"search_term_string"}}],"inLanguage":"es"},{"@type":"Organization","@id":"https:\/\/confederaciopenyes.cat\/es\/#organization","name":"Confederaci\u00f3 Mundial de Penyes del FC Barcelona","alternateName":"C.M. Penyes FC Barcelona","url":"https:\/\/confederaciopenyes.cat\/es\/","logo":{"@type":"ImageObject","inLanguage":"es","@id":"https:\/\/confederaciopenyes.cat\/es\/#\/schema\/logo\/image\/","url":"https:\/\/confederaciopenyes.cat\/wp-content\/uploads\/2023\/11\/Confederacio-Logo-scaled.jpg","contentUrl":"https:\/\/confederaciopenyes.cat\/wp-content\/uploads\/2023\/11\/Confederacio-Logo-scaled.jpg","width":2560,"height":673,"caption":"Confederaci\u00f3 Mundial de Penyes del FC Barcelona"},"image":{"@id":"https:\/\/confederaciopenyes.cat\/es\/#\/schema\/logo\/image\/"},"sameAs":["https:\/\/www.facebook.com\/ConfederacioMundialPenyesFCB","https:\/\/x.com\/ConfePenyesFCB","https:\/\/www.instagram.com\/confepenyesfcb\/"],"publishingPrinciples":"https:\/\/confederaciopenyes.cat\/en\/mission-vision-and-values\/","ownershipFundingInfo":"https:\/\/confederaciopenyes.cat\/en\/organization\/","actionableFeedbackPolicy":"https:\/\/confederaciopenyes.cat\/en\/legal-notice\/"}]}},"_links":{"self":[{"href":"https:\/\/confederaciopenyes.cat\/es\/wp-json\/wp\/v2\/pages\/21393","targetHints":{"allow":["GET"]}}],"collection":[{"href":"https:\/\/confederaciopenyes.cat\/es\/wp-json\/wp\/v2\/pages"}],"about":[{"href":"https:\/\/confederaciopenyes.cat\/es\/wp-json\/wp\/v2\/types\/page"}],"author":[{"embeddable":true,"href":"https:\/\/confederaciopenyes.cat\/es\/wp-json\/wp\/v2\/users\/4"}],"replies":[{"embeddable":true,"href":"https:\/\/confederaciopenyes.cat\/es\/wp-json\/wp\/v2\/comments?post=21393"}],"version-history":[{"count":7,"href":"https:\/\/confederaciopenyes.cat\/es\/wp-json\/wp\/v2\/pages\/21393\/revisions"}],"predecessor-version":[{"id":23507,"href":"https:\/\/confederaciopenyes.cat\/es\/wp-json\/wp\/v2\/pages\/21393\/revisions\/23507"}],"wp:attachment":[{"href":"https:\/\/confederaciopenyes.cat\/es\/wp-json\/wp\/v2\/media?parent=21393"}],"curies":[{"name":"wp","href":"https:\/\/api.w.org\/{rel}","templated":true}]}}