{"id":21769,"date":"2024-04-30T16:31:33","date_gmt":"2024-04-30T14:31:33","guid":{"rendered":"https:\/\/confederaciopenyes.cat\/las-penas-y-samitier-un-matrimonio-muy-avenido\/"},"modified":"2024-06-14T09:41:19","modified_gmt":"2024-06-14T07:41:19","slug":"las-penas-y-samitier-un-matrimonio-muy-avenido","status":"publish","type":"page","link":"https:\/\/confederaciopenyes.cat\/es\/las-penas-y-samitier-un-matrimonio-muy-avenido\/","title":{"rendered":"Las pe\u00f1as y Samitier, un matrimonio muy avenido"},"content":{"rendered":"\n<p><strong>Josep Samitier<\/strong> fue el promotor de la <strong>Penya Solera en 1944<\/strong>, cuando volvi\u00f3 al Bar\u00e7a a ocuparse del banquillo. Aquel retorno del hijo pr\u00f3digo no pudo ir mejor, ya que el FC Barcelona <strong>se proclam\u00f3 campe\u00f3n de Liga<\/strong>, por segunda vez, despu\u00e9s de 16 a\u00f1os.<\/p>\n\n<p>La pasi\u00f3n del astro del Bar\u00e7a de la Edad de Oro por las pe\u00f1as ya le ven\u00eda de aquellos <strong>intensos a\u00f1os 20<\/strong>, cuando no ten\u00eda ning\u00fan problema en <strong>compartir los postpartidos con pe\u00f1istas y socios<\/strong>. As\u00ed pues, no es de extra\u00f1ar que las pe\u00f1as lo adoraran. Una de ellas fue la <strong>Penya Ben Fets<\/strong>, que, tal como nos demuestra un art\u00edculo de La Vanguardia del 6 de febrero de 1926, ten\u00eda una gran uni\u00f3n y complicidad con el jugador:<\/p>\n\n<p><em>\u201cAnteanoche se celebr\u00f3 en el hotel Col\u00f3n el anunciado banquete con el que los entusiastas elementos que forman la penya Ben Fets del FC Barcelona quisieron testimoniar al gran Sami el afecto que le profesan y su admiraci\u00f3n por sus extraordinarias actuaciones en el campo de juego\u201d.<\/em><\/p>\n\n<p>La naturalidad con que los jugadores viv\u00edan esta condici\u00f3n de ser parte del Club los llevaba a actos como estos, donde <strong>la m\u00e1xima figura del equipo iba a cenar con los pe\u00f1istas como si fuera la cosa m\u00e1s normal del mundo<\/strong>. Igual que hoy en d\u00eda&#8230;<\/p>\n<div class=\"wp-block-image is-style-default\">\n<figure class=\"aligncenter size-large is-resized\"><a href=\"https:\/\/confederaciopenyes.cat\/wp-content\/uploads\/2024\/04\/samitier.jpg\"><img decoding=\"async\" width=\"1024\" height=\"576\" data-src=\"https:\/\/confederaciopenyes.cat\/wp-content\/uploads\/2024\/04\/samitier-1024x576.jpg\" alt=\"\" class=\"wp-image-21765 lazyload\" style=\"--smush-placeholder-width: 1024px; --smush-placeholder-aspect-ratio: 1024\/576;width:672px;height:auto\" data-srcset=\"https:\/\/confederaciopenyes.cat\/wp-content\/uploads\/2024\/04\/samitier-1024x576.jpg 1024w, https:\/\/confederaciopenyes.cat\/wp-content\/uploads\/2024\/04\/samitier-300x169.jpg 300w, https:\/\/confederaciopenyes.cat\/wp-content\/uploads\/2024\/04\/samitier-768x432.jpg 768w, https:\/\/confederaciopenyes.cat\/wp-content\/uploads\/2024\/04\/samitier-1536x864.jpg 1536w, https:\/\/confederaciopenyes.cat\/wp-content\/uploads\/2024\/04\/samitier.jpg 1920w\" data-sizes=\"(max-width: 1024px) 100vw, 1024px\" src=\"data:image\/svg+xml;base64,PHN2ZyB3aWR0aD0iMSIgaGVpZ2h0PSIxIiB4bWxucz0iaHR0cDovL3d3dy53My5vcmcvMjAwMC9zdmciPjwvc3ZnPg==\" \/><\/a><\/figure>\n<\/div>\n<p><\/p>\n\n<h6 class=\"wp-block-heading\" id=\"h-la-relacio-amb-la-penya-esportiva-blaugrana\"><strong>La relaci\u00f3n con la Penya Esportiva Blaugrana<\/strong><\/h6>\n\n<p>No existe demasiada informaci\u00f3n sobre otra pe\u00f1a: la <strong>Penya Esportiva Blaugrana<\/strong>. En todo caso, seg\u00fan un art\u00edculo de La Vanguardia del 27 de mayo de 1927, constatamos que <strong>fue creada esa misma temporada y con mucho dinamismo<\/strong>, tal como se puede comprobar a trav\u00e9s de una cr\u00f3nica del Mundo Deportivo:<\/p>\n\n<p><em>\u201cLa novel y activa Pe\u00f1a Esportiva Blau-Grana tiene entre otros proyectos de realizaci\u00f3n immediata el de convocar un concurso de caricaturas de Jos\u00e9 Samitier. El objeto de dicho concurso no es otro que el rendir homenaje a este excepcional jugador y a la vez presidente honorario de esta Agrupaci\u00f3n Deportiva. La caricatura que obtenga el primer premio ocupar\u00e0 el lugar correspondiente en la sala de juntas de esta pe\u00f1a. Oportunamente se publicaran las bases de dicho concurso\u201d.<\/em><\/p>\n\n<p>Estamos hablando de una <strong>iniciativa cultural o art\u00edstica que no conocemos de ninguna pe\u00f1a actual<\/strong>, teniendo en cuenta los numerosos actos de todo tipo que desarrollan pe\u00f1as, federaciones y Confederaci\u00f3n. Es evidente que la historia tambi\u00e9n nos abre caminos para que pueda salir adelante alguna iniciativa parecida.<\/p>\n\n<h6 class=\"wp-block-heading\" id=\"h-gran-activitat-lligada-als-exits-de-l-equip\"><strong>Gran actividad, ligada a los \u00e9xitos del equipo<\/strong><\/h6>\n\n<p>El hecho de que Samitier se aviniera a ser el presidente honorario de esta pe\u00f1a, junto con el v\u00ednculo de este gran referente de la historia del Bar\u00e7a con muchas otras, da una firme y clara explicaci\u00f3n sobre su pasi\u00f3n por las pe\u00f1as. Con toda seguridad, <strong>esto lo llevar\u00eda a crear, tal como hemos mencionado, y junto con su amigo Jaume Ramon, la Penya Solera en 1944<\/strong>.<\/p>\n\n<p>Por otro lado, tambi\u00e9n cabe fijarse en el hecho de colgar la caricatura en la \u201csala de juntas\u201d de la pe\u00f1a, cosa que da fe que <strong>aquellas pe\u00f1as de los a\u00f1os 20 del siglo pasado tambi\u00e9n ten\u00edan locales<\/strong>. Son m\u00e1s muestras de su <strong>enorme actividad en aquella d\u00e9cada maravillosa<\/strong> del primer equipo de f\u00fatbol, llamada <strong>Edad de Oro del FC Barcelona<\/strong>. No en vano, est\u00e1 considerada la segunda mejor de la historia, evidentemente por el detr\u00e1s de la que hemos vivido los y las barcelonistas no hace demasiados a\u00f1os.<\/p>\n\n<pre class=\"wp-block-preformatted\"><span style=\"text-decoration: underline;\">Cap\u00edtulos anteriores<\/span>:<br\/><br\/>1. <a href=\"https:\/\/confederaciopenyes.cat\/es\/origen-concepto-pena-barca\/\" target=\"_blank\" rel=\"noreferrer noopener\">El or\u00edgen del concepto \"pe\u00f1a del Bar\u00e7a\"<\/a><br\/>2.  <a href=\"https:\/\/confederaciopenyes.cat\/es\/cuartos-equipos-nova-germanor-els-apatics\/\" target=\"_blank\" rel=\"noreferrer noopener\">Los cuartos equipos. Nova Germanor y Els Ap\u00e0tics<\/a><br\/>3. <a href=\"https:\/\/confederaciopenyes.cat\/es\/penya-ardevol-la-primera-pena-radical\/\" target=\"_blank\" rel=\"noreferrer noopener\">Penya Ard\u00e8vol: la primera pe\u00f1a radical<\/a><br\/>4. <a href=\"https:\/\/confederaciopenyes.cat\/es\/que-paso-con-la-penya-esportiva-esquerra\/\" target=\"_blank\" rel=\"noreferrer noopener\">\u00bfQu\u00e9 pas\u00f3 con la Penya Esportiva Esquerra?<\/a><br\/>5. <a href=\"https:\/\/confederaciopenyes.cat\/es\/la-copa-de-mayo-de-1925-preambulo-de-la-suspension-del-club\/\" target=\"_blank\" rel=\"noreferrer noopener\">La Copa de mayo de 1925: pre\u00e1mbulo de la suspensi\u00f3n del Club<\/a><br\/>6. <a href=\"https:\/\/confederaciopenyes.cat\/es\/aquella-final-del-campeonato-de-espana-de-1926\/\" target=\"_blank\" rel=\"noreferrer noopener\">Aquella final del Campeonato de Espa\u00f1a de 1926<\/a><\/pre>\n","protected":false},"excerpt":{"rendered":"<p>Josep Samitier fue el promotor de la Penya Solera en 1944, cuando volvi\u00f3 al Bar\u00e7a a ocuparse del banquillo. Aquel retorno del hijo pr\u00f3digo no pudo ir mejor, ya que el FC Barcelona se proclam\u00f3 campe\u00f3n de Liga, por segunda vez, despu\u00e9s de 16 a\u00f1os. La pasi\u00f3n del astro del Bar\u00e7a de la Edad de &#8230; <a title=\"Las pe\u00f1as y Samitier, un matrimonio muy avenido\" class=\"read-more\" href=\"https:\/\/confederaciopenyes.cat\/es\/las-penas-y-samitier-un-matrimonio-muy-avenido\/\" aria-label=\"Leer m\u00e1s sobre Las pe\u00f1as y Samitier, un matrimonio muy avenido\">Leer m\u00e1s<\/a><\/p>\n","protected":false},"author":4,"featured_media":0,"parent":0,"menu_order":0,"comment_status":"closed","ping_status":"closed","template":"","meta":{"_acf_changed":false,"footnotes":""},"class_list":["post-21769","page","type-page","status-publish"],"acf":[],"yoast_head":"<!-- This site is optimized with the Yoast SEO Premium plugin v26.7 (Yoast SEO v27.3) - https:\/\/yoast.com\/product\/yoast-seo-premium-wordpress\/ -->\n<title>Las pe\u00f1as y Samitier, un matrimonio muy avenido - Conf. M. Pe\u00f1as<\/title>\n<meta name=\"description\" content=\"En los a\u00f1os 20, Josep Samitier y las pe\u00f1as formaban un matrimonio muy avenido que compart\u00eda muchos encuentros postpartido.\" \/>\n<meta name=\"robots\" content=\"index, follow, max-snippet:-1, max-image-preview:large, max-video-preview:-1\" \/>\n<link rel=\"canonical\" href=\"https:\/\/confederaciopenyes.cat\/es\/las-penas-y-samitier-un-matrimonio-muy-avenido\/\" \/>\n<meta property=\"og:locale\" content=\"es_ES\" \/>\n<meta property=\"og:type\" content=\"article\" \/>\n<meta property=\"og:title\" content=\"Las pe\u00f1as y Samitier, un matrimonio muy avenido\" \/>\n<meta property=\"og:description\" content=\"En los a\u00f1os 20, Josep Samitier y las pe\u00f1as formaban un matrimonio muy avenido que compart\u00eda muchos encuentros postpartido.\" \/>\n<meta property=\"og:url\" content=\"https:\/\/confederaciopenyes.cat\/es\/las-penas-y-samitier-un-matrimonio-muy-avenido\/\" \/>\n<meta property=\"og:site_name\" content=\"Confederaci\u00f3 Mundial de Penyes del FC Barcelona\" \/>\n<meta property=\"article:publisher\" content=\"https:\/\/www.facebook.com\/ConfederacioMundialPenyesFCB\" \/>\n<meta property=\"article:modified_time\" content=\"2024-06-14T07:41:19+00:00\" \/>\n<meta property=\"og:image\" content=\"https:\/\/confederaciopenyes.cat\/wp-content\/uploads\/2024\/04\/samitier-1024x576.jpg\" \/>\n<meta name=\"twitter:card\" content=\"summary_large_image\" \/>\n<meta name=\"twitter:site\" content=\"@ConfePenyesFCB\" \/>\n<meta name=\"twitter:label1\" content=\"Tiempo de lectura\" \/>\n\t<meta name=\"twitter:data1\" content=\"3 minutos\" \/>\n<script type=\"application\/ld+json\" class=\"yoast-schema-graph\">{\"@context\":\"https:\\\/\\\/schema.org\",\"@graph\":[{\"@type\":\"WebPage\",\"@id\":\"https:\\\/\\\/confederaciopenyes.cat\\\/es\\\/las-penas-y-samitier-un-matrimonio-muy-avenido\\\/\",\"url\":\"https:\\\/\\\/confederaciopenyes.cat\\\/es\\\/las-penas-y-samitier-un-matrimonio-muy-avenido\\\/\",\"name\":\"Las pe\u00f1as y Samitier, un matrimonio muy avenido - Conf. M. Pe\u00f1as\",\"isPartOf\":{\"@id\":\"https:\\\/\\\/confederaciopenyes.cat\\\/es\\\/#website\"},\"primaryImageOfPage\":{\"@id\":\"https:\\\/\\\/confederaciopenyes.cat\\\/es\\\/las-penas-y-samitier-un-matrimonio-muy-avenido\\\/#primaryimage\"},\"image\":{\"@id\":\"https:\\\/\\\/confederaciopenyes.cat\\\/es\\\/las-penas-y-samitier-un-matrimonio-muy-avenido\\\/#primaryimage\"},\"thumbnailUrl\":\"https:\\\/\\\/confederaciopenyes.cat\\\/wp-content\\\/uploads\\\/2024\\\/04\\\/samitier-1024x576.jpg\",\"datePublished\":\"2024-04-30T14:31:33+00:00\",\"dateModified\":\"2024-06-14T07:41:19+00:00\",\"description\":\"En los a\u00f1os 20, Josep Samitier y las pe\u00f1as formaban un matrimonio muy avenido que compart\u00eda muchos encuentros postpartido.\",\"breadcrumb\":{\"@id\":\"https:\\\/\\\/confederaciopenyes.cat\\\/es\\\/las-penas-y-samitier-un-matrimonio-muy-avenido\\\/#breadcrumb\"},\"inLanguage\":\"es\",\"potentialAction\":[{\"@type\":\"ReadAction\",\"target\":[\"https:\\\/\\\/confederaciopenyes.cat\\\/es\\\/las-penas-y-samitier-un-matrimonio-muy-avenido\\\/\"]}]},{\"@type\":\"ImageObject\",\"inLanguage\":\"es\",\"@id\":\"https:\\\/\\\/confederaciopenyes.cat\\\/es\\\/las-penas-y-samitier-un-matrimonio-muy-avenido\\\/#primaryimage\",\"url\":\"https:\\\/\\\/confederaciopenyes.cat\\\/wp-content\\\/uploads\\\/2024\\\/04\\\/samitier-1024x576.jpg\",\"contentUrl\":\"https:\\\/\\\/confederaciopenyes.cat\\\/wp-content\\\/uploads\\\/2024\\\/04\\\/samitier-1024x576.jpg\"},{\"@type\":\"BreadcrumbList\",\"@id\":\"https:\\\/\\\/confederaciopenyes.cat\\\/es\\\/las-penas-y-samitier-un-matrimonio-muy-avenido\\\/#breadcrumb\",\"itemListElement\":[{\"@type\":\"ListItem\",\"position\":1,\"name\":\"Portada\",\"item\":\"https:\\\/\\\/confederaciopenyes.cat\\\/es\\\/\"},{\"@type\":\"ListItem\",\"position\":2,\"name\":\"Las pe\u00f1as y Samitier, un matrimonio muy avenido\"}]},{\"@type\":\"WebSite\",\"@id\":\"https:\\\/\\\/confederaciopenyes.cat\\\/es\\\/#website\",\"url\":\"https:\\\/\\\/confederaciopenyes.cat\\\/es\\\/\",\"name\":\"Confederaci\u00f3 Mundial de Penyes del FC Barcelona\",\"description\":\"C.M. Penyes FC Barcelona\",\"publisher\":{\"@id\":\"https:\\\/\\\/confederaciopenyes.cat\\\/es\\\/#organization\"},\"alternateName\":\"CMP\",\"potentialAction\":[{\"@type\":\"SearchAction\",\"target\":{\"@type\":\"EntryPoint\",\"urlTemplate\":\"https:\\\/\\\/confederaciopenyes.cat\\\/es\\\/?s={search_term_string}\"},\"query-input\":{\"@type\":\"PropertyValueSpecification\",\"valueRequired\":true,\"valueName\":\"search_term_string\"}}],\"inLanguage\":\"es\"},{\"@type\":\"Organization\",\"@id\":\"https:\\\/\\\/confederaciopenyes.cat\\\/es\\\/#organization\",\"name\":\"Confederaci\u00f3 Mundial de Penyes del FC Barcelona\",\"alternateName\":\"C.M. Penyes FC Barcelona\",\"url\":\"https:\\\/\\\/confederaciopenyes.cat\\\/es\\\/\",\"logo\":{\"@type\":\"ImageObject\",\"inLanguage\":\"es\",\"@id\":\"https:\\\/\\\/confederaciopenyes.cat\\\/es\\\/#\\\/schema\\\/logo\\\/image\\\/\",\"url\":\"https:\\\/\\\/confederaciopenyes.cat\\\/wp-content\\\/uploads\\\/2023\\\/11\\\/Confederacio-Logo-scaled.jpg\",\"contentUrl\":\"https:\\\/\\\/confederaciopenyes.cat\\\/wp-content\\\/uploads\\\/2023\\\/11\\\/Confederacio-Logo-scaled.jpg\",\"width\":2560,\"height\":673,\"caption\":\"Confederaci\u00f3 Mundial de Penyes del FC Barcelona\"},\"image\":{\"@id\":\"https:\\\/\\\/confederaciopenyes.cat\\\/es\\\/#\\\/schema\\\/logo\\\/image\\\/\"},\"sameAs\":[\"https:\\\/\\\/www.facebook.com\\\/ConfederacioMundialPenyesFCB\",\"https:\\\/\\\/x.com\\\/ConfePenyesFCB\",\"https:\\\/\\\/www.instagram.com\\\/confepenyesfcb\\\/\"],\"publishingPrinciples\":\"https:\\\/\\\/confederaciopenyes.cat\\\/en\\\/mission-vision-and-values\\\/\",\"ownershipFundingInfo\":\"https:\\\/\\\/confederaciopenyes.cat\\\/en\\\/organization\\\/\",\"actionableFeedbackPolicy\":\"https:\\\/\\\/confederaciopenyes.cat\\\/en\\\/legal-notice\\\/\"}]}<\/script>\n<!-- \/ Yoast SEO Premium plugin. -->","yoast_head_json":{"title":"Las pe\u00f1as y Samitier, un matrimonio muy avenido - Conf. M. Pe\u00f1as","description":"En los a\u00f1os 20, Josep Samitier y las pe\u00f1as formaban un matrimonio muy avenido que compart\u00eda muchos encuentros postpartido.","robots":{"index":"index","follow":"follow","max-snippet":"max-snippet:-1","max-image-preview":"max-image-preview:large","max-video-preview":"max-video-preview:-1"},"canonical":"https:\/\/confederaciopenyes.cat\/es\/las-penas-y-samitier-un-matrimonio-muy-avenido\/","og_locale":"es_ES","og_type":"article","og_title":"Las pe\u00f1as y Samitier, un matrimonio muy avenido","og_description":"En los a\u00f1os 20, Josep Samitier y las pe\u00f1as formaban un matrimonio muy avenido que compart\u00eda muchos encuentros postpartido.","og_url":"https:\/\/confederaciopenyes.cat\/es\/las-penas-y-samitier-un-matrimonio-muy-avenido\/","og_site_name":"Confederaci\u00f3 Mundial de Penyes del FC Barcelona","article_publisher":"https:\/\/www.facebook.com\/ConfederacioMundialPenyesFCB","article_modified_time":"2024-06-14T07:41:19+00:00","og_image":[{"url":"https:\/\/confederaciopenyes.cat\/wp-content\/uploads\/2024\/04\/samitier-1024x576.jpg","type":"","width":"","height":""}],"twitter_card":"summary_large_image","twitter_site":"@ConfePenyesFCB","twitter_misc":{"Tiempo de lectura":"3 minutos"},"schema":{"@context":"https:\/\/schema.org","@graph":[{"@type":"WebPage","@id":"https:\/\/confederaciopenyes.cat\/es\/las-penas-y-samitier-un-matrimonio-muy-avenido\/","url":"https:\/\/confederaciopenyes.cat\/es\/las-penas-y-samitier-un-matrimonio-muy-avenido\/","name":"Las pe\u00f1as y Samitier, un matrimonio muy avenido - Conf. M. Pe\u00f1as","isPartOf":{"@id":"https:\/\/confederaciopenyes.cat\/es\/#website"},"primaryImageOfPage":{"@id":"https:\/\/confederaciopenyes.cat\/es\/las-penas-y-samitier-un-matrimonio-muy-avenido\/#primaryimage"},"image":{"@id":"https:\/\/confederaciopenyes.cat\/es\/las-penas-y-samitier-un-matrimonio-muy-avenido\/#primaryimage"},"thumbnailUrl":"https:\/\/confederaciopenyes.cat\/wp-content\/uploads\/2024\/04\/samitier-1024x576.jpg","datePublished":"2024-04-30T14:31:33+00:00","dateModified":"2024-06-14T07:41:19+00:00","description":"En los a\u00f1os 20, Josep Samitier y las pe\u00f1as formaban un matrimonio muy avenido que compart\u00eda muchos encuentros postpartido.","breadcrumb":{"@id":"https:\/\/confederaciopenyes.cat\/es\/las-penas-y-samitier-un-matrimonio-muy-avenido\/#breadcrumb"},"inLanguage":"es","potentialAction":[{"@type":"ReadAction","target":["https:\/\/confederaciopenyes.cat\/es\/las-penas-y-samitier-un-matrimonio-muy-avenido\/"]}]},{"@type":"ImageObject","inLanguage":"es","@id":"https:\/\/confederaciopenyes.cat\/es\/las-penas-y-samitier-un-matrimonio-muy-avenido\/#primaryimage","url":"https:\/\/confederaciopenyes.cat\/wp-content\/uploads\/2024\/04\/samitier-1024x576.jpg","contentUrl":"https:\/\/confederaciopenyes.cat\/wp-content\/uploads\/2024\/04\/samitier-1024x576.jpg"},{"@type":"BreadcrumbList","@id":"https:\/\/confederaciopenyes.cat\/es\/las-penas-y-samitier-un-matrimonio-muy-avenido\/#breadcrumb","itemListElement":[{"@type":"ListItem","position":1,"name":"Portada","item":"https:\/\/confederaciopenyes.cat\/es\/"},{"@type":"ListItem","position":2,"name":"Las pe\u00f1as y Samitier, un matrimonio muy avenido"}]},{"@type":"WebSite","@id":"https:\/\/confederaciopenyes.cat\/es\/#website","url":"https:\/\/confederaciopenyes.cat\/es\/","name":"Confederaci\u00f3 Mundial de Penyes del FC Barcelona","description":"C.M. Penyes FC Barcelona","publisher":{"@id":"https:\/\/confederaciopenyes.cat\/es\/#organization"},"alternateName":"CMP","potentialAction":[{"@type":"SearchAction","target":{"@type":"EntryPoint","urlTemplate":"https:\/\/confederaciopenyes.cat\/es\/?s={search_term_string}"},"query-input":{"@type":"PropertyValueSpecification","valueRequired":true,"valueName":"search_term_string"}}],"inLanguage":"es"},{"@type":"Organization","@id":"https:\/\/confederaciopenyes.cat\/es\/#organization","name":"Confederaci\u00f3 Mundial de Penyes del FC Barcelona","alternateName":"C.M. Penyes FC Barcelona","url":"https:\/\/confederaciopenyes.cat\/es\/","logo":{"@type":"ImageObject","inLanguage":"es","@id":"https:\/\/confederaciopenyes.cat\/es\/#\/schema\/logo\/image\/","url":"https:\/\/confederaciopenyes.cat\/wp-content\/uploads\/2023\/11\/Confederacio-Logo-scaled.jpg","contentUrl":"https:\/\/confederaciopenyes.cat\/wp-content\/uploads\/2023\/11\/Confederacio-Logo-scaled.jpg","width":2560,"height":673,"caption":"Confederaci\u00f3 Mundial de Penyes del FC Barcelona"},"image":{"@id":"https:\/\/confederaciopenyes.cat\/es\/#\/schema\/logo\/image\/"},"sameAs":["https:\/\/www.facebook.com\/ConfederacioMundialPenyesFCB","https:\/\/x.com\/ConfePenyesFCB","https:\/\/www.instagram.com\/confepenyesfcb\/"],"publishingPrinciples":"https:\/\/confederaciopenyes.cat\/en\/mission-vision-and-values\/","ownershipFundingInfo":"https:\/\/confederaciopenyes.cat\/en\/organization\/","actionableFeedbackPolicy":"https:\/\/confederaciopenyes.cat\/en\/legal-notice\/"}]}},"_links":{"self":[{"href":"https:\/\/confederaciopenyes.cat\/es\/wp-json\/wp\/v2\/pages\/21769","targetHints":{"allow":["GET"]}}],"collection":[{"href":"https:\/\/confederaciopenyes.cat\/es\/wp-json\/wp\/v2\/pages"}],"about":[{"href":"https:\/\/confederaciopenyes.cat\/es\/wp-json\/wp\/v2\/types\/page"}],"author":[{"embeddable":true,"href":"https:\/\/confederaciopenyes.cat\/es\/wp-json\/wp\/v2\/users\/4"}],"replies":[{"embeddable":true,"href":"https:\/\/confederaciopenyes.cat\/es\/wp-json\/wp\/v2\/comments?post=21769"}],"version-history":[{"count":4,"href":"https:\/\/confederaciopenyes.cat\/es\/wp-json\/wp\/v2\/pages\/21769\/revisions"}],"predecessor-version":[{"id":23518,"href":"https:\/\/confederaciopenyes.cat\/es\/wp-json\/wp\/v2\/pages\/21769\/revisions\/23518"}],"wp:attachment":[{"href":"https:\/\/confederaciopenyes.cat\/es\/wp-json\/wp\/v2\/media?parent=21769"}],"curies":[{"name":"wp","href":"https:\/\/api.w.org\/{rel}","templated":true}]}}